{"id":5000,"date":"2024-12-31T20:07:40","date_gmt":"2024-12-31T20:07:40","guid":{"rendered":"https:\/\/storetest.ivi.ee\/product\/base-340x1mm\/"},"modified":"2025-01-04T13:35:29","modified_gmt":"2025-01-04T11:35:29","slug":"pohja-340x1mm","status":"publish","type":"product","link":"https:\/\/candeebaar.ee\/fi\/kauppa\/pohja-340x1mm\/","title":{"rendered":"Kakkulauta 340x1mm"},"content":{"rendered":"<p>Pohja on kosteutta kest\u00e4v\u00e4\u00e4 pahvia.<br \/>\nSe on v\u00e4ltt\u00e4m\u00e4t\u00f6n j\u00e4lkiruokien asianmukaisen varastoinnin, kuljetuksen ja tarjoilun kannalta.<br \/>\nPaksuus: 1mm<br \/>\nHalkaisija: 340 mm<br \/>\nV\u00e4ri: kulta<\/p>","protected":false},"excerpt":{"rendered":"<p>Pohja on kosteutta kest\u00e4v\u00e4\u00e4 pahvia. Se on v\u00e4ltt\u00e4m\u00e4t\u00f6n j\u00e4lkiruokien asianmukaisen varastoinnin, kuljetuksen ja tarjoilun kannalta. Paksuus: 1mm Halkaisija: 340mm V\u00e4ri: kulta<\/p>","protected":false},"featured_media":0,"template":"","meta":{"_seopress_robots_primary_cat":"","_seopress_titles_title":"","_seopress_titles_desc":"","_seopress_robots_index":""},"product_brand":[],"product_cat":[15,148],"product_tag":[],"class_list":{"0":"post-5000","1":"product","2":"type-product","3":"status-publish","5":"product_cat-all-products","6":"product_cat-32cm-and-bigger","8":"first","9":"instock","10":"taxable","11":"shipping-taxable","12":"purchasable","13":"product-type-simple"},"_links":{"self":[{"href":"https:\/\/candeebaar.ee\/fi\/wp-json\/wp\/v2\/product\/5000","targetHints":{"allow":["GET"]}}],"collection":[{"href":"https:\/\/candeebaar.ee\/fi\/wp-json\/wp\/v2\/product"}],"about":[{"href":"https:\/\/candeebaar.ee\/fi\/wp-json\/wp\/v2\/types\/product"}],"version-history":[{"count":2,"href":"https:\/\/candeebaar.ee\/fi\/wp-json\/wp\/v2\/product\/5000\/revisions"}],"predecessor-version":[{"id":9156,"href":"https:\/\/candeebaar.ee\/fi\/wp-json\/wp\/v2\/product\/5000\/revisions\/9156"}],"wp:attachment":[{"href":"https:\/\/candeebaar.ee\/fi\/wp-json\/wp\/v2\/media?parent=5000"}],"wp:term":[{"taxonomy":"product_brand","embeddable":true,"href":"https:\/\/candeebaar.ee\/fi\/wp-json\/wp\/v2\/product_brand?post=5000"},{"taxonomy":"product_cat","embeddable":true,"href":"https:\/\/candeebaar.ee\/fi\/wp-json\/wp\/v2\/product_cat?post=5000"},{"taxonomy":"product_tag","embeddable":true,"href":"https:\/\/candeebaar.ee\/fi\/wp-json\/wp\/v2\/product_tag?post=5000"}],"curies":[{"name":"wp","href":"https:\/\/api.w.org\/{rel}","templated":true}]}}