{"id":5029,"date":"2024-12-31T20:07:53","date_gmt":"2024-12-31T20:07:53","guid":{"rendered":"https:\/\/storetest.ivi.ee\/product\/gel-food-coloring-light-yellow-modecor-20g\/"},"modified":"2025-03-10T13:18:54","modified_gmt":"2025-03-10T11:18:54","slug":"geeli-elintarvikevari-vaaleankeltainen-modecor-20g","status":"publish","type":"product","link":"https:\/\/candeebaar.ee\/fi\/kauppa\/geeli-elintarvikevari-vaaleankeltainen-modecor-20g\/","title":{"rendered":"Geeli elintarvikev\u00e4ri Light Yellow Modecor 20g"},"content":{"rendered":"<p>Geeli elintarvikev\u00e4ri &quot;Vaaleankeltainen&quot;<br \/>\nLaimennettu vedell\u00e4, k\u00e4ytet\u00e4\u00e4n kuvioiden luomiseen ja voiteiden, taikinan v\u00e4rj\u00e4\u00e4miseen ja muihin elintarviketarkoituksiin.<br \/>\nKoostumus: glukoosisiirappi, vesi, sakkaroosi, v\u00e4riaine E104, agar-agar, E330, E202.<br \/>\n*voi vaikuttaa haitallisesti lasten aktiivisuuteen ja huomiokykyyn.<br \/>\nPaino: 20g<br \/>\nValmistaja: Modecor, Italia<\/p>","protected":false},"excerpt":{"rendered":"<p>Geeliruokav\u00e4ri &quot;Vaaleankeltainen&quot; Veteen laimennettu, k\u00e4ytet\u00e4\u00e4n kuvioiden luomiseen ja voiteiden, taikinan v\u00e4rj\u00e4\u00e4miseen ja muihin elintarviketarkoituksiin. Koostumus: glukoosisiirappi, vesi, sakkaroosi, v\u00e4riaine E104, agar-agar, E330, E202. *voi vaikuttaa haitallisesti lasten aktiivisuuteen ja huomiokykyyn. Paino: 20g Valmistaja: Modecor, Italia<\/p>","protected":false},"featured_media":5031,"template":"","meta":{"_seopress_robots_primary_cat":"none","_seopress_titles_title":"","_seopress_titles_desc":"","_seopress_robots_index":""},"product_brand":[],"product_cat":[15,114,109],"product_tag":[],"class_list":{"0":"post-5029","1":"product","2":"type-product","3":"status-publish","4":"has-post-thumbnail","6":"product_cat-all-products","7":"product_cat-gel-water-soluble","8":"product_cat-sale","10":"first","11":"outofstock","12":"sale","13":"taxable","14":"shipping-taxable","15":"purchasable","16":"product-type-simple"},"_links":{"self":[{"href":"https:\/\/candeebaar.ee\/fi\/wp-json\/wp\/v2\/product\/5029","targetHints":{"allow":["GET"]}}],"collection":[{"href":"https:\/\/candeebaar.ee\/fi\/wp-json\/wp\/v2\/product"}],"about":[{"href":"https:\/\/candeebaar.ee\/fi\/wp-json\/wp\/v2\/types\/product"}],"version-history":[{"count":1,"href":"https:\/\/candeebaar.ee\/fi\/wp-json\/wp\/v2\/product\/5029\/revisions"}],"predecessor-version":[{"id":5030,"href":"https:\/\/candeebaar.ee\/fi\/wp-json\/wp\/v2\/product\/5029\/revisions\/5030"}],"wp:featuredmedia":[{"embeddable":true,"href":"https:\/\/candeebaar.ee\/fi\/wp-json\/wp\/v2\/media\/5031"}],"wp:attachment":[{"href":"https:\/\/candeebaar.ee\/fi\/wp-json\/wp\/v2\/media?parent=5029"}],"wp:term":[{"taxonomy":"product_brand","embeddable":true,"href":"https:\/\/candeebaar.ee\/fi\/wp-json\/wp\/v2\/product_brand?post=5029"},{"taxonomy":"product_cat","embeddable":true,"href":"https:\/\/candeebaar.ee\/fi\/wp-json\/wp\/v2\/product_cat?post=5029"},{"taxonomy":"product_tag","embeddable":true,"href":"https:\/\/candeebaar.ee\/fi\/wp-json\/wp\/v2\/product_tag?post=5029"}],"curies":[{"name":"wp","href":"https:\/\/api.w.org\/{rel}","templated":true}]}}