{"id":5046,"date":"2024-12-31T20:07:53","date_gmt":"2024-12-31T20:07:53","guid":{"rendered":"https:\/\/storetest.ivi.ee\/product\/gel-food-coloring-beige-modecor-20g\/"},"modified":"2025-02-22T20:28:03","modified_gmt":"2025-02-22T18:28:03","slug":"geeli-elintarvikevari-beige-modecor-20g","status":"publish","type":"product","link":"https:\/\/candeebaar.ee\/fi\/kauppa\/geeli-elintarvikevari-beige-modecor-20g\/","title":{"rendered":"Geeli elintarvikev\u00e4ri Beige Modecor 20g"},"content":{"rendered":"<p>Geeli elintarvikev\u00e4ri &quot;beige&quot;<br \/>\nLiukenee veteen, k\u00e4ytet\u00e4\u00e4n kuvioiden luomiseen ja voiteiden v\u00e4rj\u00e4\u00e4miseen, taikinaan ja muihin elintarviketarkoituksiin.<br \/>\nKoostumus: glukoosisiirappi, vesi, sakkaroosi, v\u00e4riaineet E102, E122, E133, agar-agar, E330, E202.<br \/>\n*voi vaikuttaa haitallisesti lasten aktiivisuuteen ja tarkkaavaisuuteen.<br \/>\nPaino: 20g<br \/>\nValmistaja: Modecor, Italia<\/p>","protected":false},"excerpt":{"rendered":"<p>Geelinen elintarvikev\u00e4ri &quot;Beige&quot; Liukenee veteen, k\u00e4ytet\u00e4\u00e4n kuvioiden luomiseen ja voiteiden, taikinan v\u00e4rj\u00e4\u00e4miseen ja muihin elintarviketarkoituksiin. Koostumus: glukoosisiirappi, vesi, sakkaroosi, v\u00e4riaineet E102, E122, E133, agar-agar, E330, E202. *voi vaikuttaa haitallisesti lasten aktiivisuuteen ja tarkkaavaisuuteen. Paino: 20g Valmistaja: Modecor, Italia<\/p>","protected":false},"featured_media":5048,"template":"","meta":{"_seopress_robots_primary_cat":"","_seopress_titles_title":"","_seopress_titles_desc":"","_seopress_robots_index":""},"product_brand":[],"product_cat":[15,114],"product_tag":[],"class_list":{"0":"post-5046","1":"product","2":"type-product","3":"status-publish","4":"has-post-thumbnail","6":"product_cat-all-products","7":"product_cat-gel-water-soluble","9":"first","10":"outofstock","11":"sale","12":"taxable","13":"shipping-taxable","14":"purchasable","15":"product-type-simple"},"_links":{"self":[{"href":"https:\/\/candeebaar.ee\/fi\/wp-json\/wp\/v2\/product\/5046","targetHints":{"allow":["GET"]}}],"collection":[{"href":"https:\/\/candeebaar.ee\/fi\/wp-json\/wp\/v2\/product"}],"about":[{"href":"https:\/\/candeebaar.ee\/fi\/wp-json\/wp\/v2\/types\/product"}],"version-history":[{"count":1,"href":"https:\/\/candeebaar.ee\/fi\/wp-json\/wp\/v2\/product\/5046\/revisions"}],"predecessor-version":[{"id":5047,"href":"https:\/\/candeebaar.ee\/fi\/wp-json\/wp\/v2\/product\/5046\/revisions\/5047"}],"wp:featuredmedia":[{"embeddable":true,"href":"https:\/\/candeebaar.ee\/fi\/wp-json\/wp\/v2\/media\/5048"}],"wp:attachment":[{"href":"https:\/\/candeebaar.ee\/fi\/wp-json\/wp\/v2\/media?parent=5046"}],"wp:term":[{"taxonomy":"product_brand","embeddable":true,"href":"https:\/\/candeebaar.ee\/fi\/wp-json\/wp\/v2\/product_brand?post=5046"},{"taxonomy":"product_cat","embeddable":true,"href":"https:\/\/candeebaar.ee\/fi\/wp-json\/wp\/v2\/product_cat?post=5046"},{"taxonomy":"product_tag","embeddable":true,"href":"https:\/\/candeebaar.ee\/fi\/wp-json\/wp\/v2\/product_tag?post=5046"}],"curies":[{"name":"wp","href":"https:\/\/api.w.org\/{rel}","templated":true}]}}