{"id":5066,"date":"2024-12-31T20:07:53","date_gmt":"2024-12-31T20:07:53","guid":{"rendered":"https:\/\/storetest.ivi.ee\/product\/baking-mold-for-cupcakes-100pcs\/"},"modified":"2025-05-13T07:17:01","modified_gmt":"2025-05-13T05:17:01","slug":"leivontamuotti-cupcakeille-100-kpl","status":"publish","type":"product","link":"https:\/\/candeebaar.ee\/fi\/kauppa\/leivontamuotti-cupcakeille-100-kpl\/","title":{"rendered":"Leivontamuotti cupcakeille 100 kpl"},"content":{"rendered":"<p>Paperimuotti on t\u00e4ydellinen kuppikakkujen paistamiseen. S\u00e4ilytt\u00e4\u00e4 muotonsa eik\u00e4 vaadi ylim\u00e4\u00e4r\u00e4ist\u00e4 metallipohjaa taitetun yl\u00e4reunan ansiosta.<br \/>\nPohjan halkaisija: 5 cm<br \/>\nYl\u00e4osan halkaisija: 6,8 cm<br \/>\nKorkeus: 3,8 cm<br \/>\nV\u00e4ri: valkoinen<br \/>\nPakkaus sis\u00e4lt\u00e4\u00e4 100 kpl.<\/p>","protected":false},"excerpt":{"rendered":"<p>Paperimuotti on t\u00e4ydellinen kuppikakkujen paistamiseen. S\u00e4ilytt\u00e4\u00e4 muotonsa eik\u00e4 vaadi ylim\u00e4\u00e4r\u00e4ist\u00e4 metallipohjaa taitetun yl\u00e4reunan ansiosta. Pohjan halkaisija: 5 cm Yl\u00e4halkaisija: 6,8 cm Korkeus: 3,8 cm V\u00e4ri: valkoinen Pakkaus sis\u00e4lt\u00e4\u00e4 100 kpl.<\/p>","protected":false},"featured_media":5068,"template":"","meta":{"_seopress_robots_primary_cat":"","_seopress_titles_title":"","_seopress_titles_desc":"","_seopress_robots_index":""},"product_brand":[],"product_cat":[15,90],"product_tag":[],"class_list":{"0":"post-5066","1":"product","2":"type-product","3":"status-publish","4":"has-post-thumbnail","6":"product_cat-all-products","7":"product_cat-paper-cups-and-tulips","9":"first","10":"outofstock","11":"taxable","12":"shipping-taxable","13":"purchasable","14":"product-type-simple"},"_links":{"self":[{"href":"https:\/\/candeebaar.ee\/fi\/wp-json\/wp\/v2\/product\/5066","targetHints":{"allow":["GET"]}}],"collection":[{"href":"https:\/\/candeebaar.ee\/fi\/wp-json\/wp\/v2\/product"}],"about":[{"href":"https:\/\/candeebaar.ee\/fi\/wp-json\/wp\/v2\/types\/product"}],"version-history":[{"count":1,"href":"https:\/\/candeebaar.ee\/fi\/wp-json\/wp\/v2\/product\/5066\/revisions"}],"predecessor-version":[{"id":5067,"href":"https:\/\/candeebaar.ee\/fi\/wp-json\/wp\/v2\/product\/5066\/revisions\/5067"}],"wp:featuredmedia":[{"embeddable":true,"href":"https:\/\/candeebaar.ee\/fi\/wp-json\/wp\/v2\/media\/5068"}],"wp:attachment":[{"href":"https:\/\/candeebaar.ee\/fi\/wp-json\/wp\/v2\/media?parent=5066"}],"wp:term":[{"taxonomy":"product_brand","embeddable":true,"href":"https:\/\/candeebaar.ee\/fi\/wp-json\/wp\/v2\/product_brand?post=5066"},{"taxonomy":"product_cat","embeddable":true,"href":"https:\/\/candeebaar.ee\/fi\/wp-json\/wp\/v2\/product_cat?post=5066"},{"taxonomy":"product_tag","embeddable":true,"href":"https:\/\/candeebaar.ee\/fi\/wp-json\/wp\/v2\/product_tag?post=5066"}],"curies":[{"name":"wp","href":"https:\/\/api.w.org\/{rel}","templated":true}]}}