{"id":5075,"date":"2024-12-31T20:07:53","date_gmt":"2024-12-31T20:07:53","guid":{"rendered":"https:\/\/storetest.ivi.ee\/product\/candy-bag-10x15cm-100pcs\/"},"modified":"2026-02-18T22:58:28","modified_gmt":"2026-02-18T20:58:28","slug":"karkkikassi-10x15cm-100kpl","status":"publish","type":"product","link":"https:\/\/candeebaar.ee\/fi\/kauppa\/karkkikassi-10x15cm-100kpl\/","title":{"rendered":"Karkkikassi 10x15cm 100kpl"},"content":{"rendered":"<p>L\u00e4pin\u00e4kyv\u00e4st\u00e4 elintarvikemuovista valmistettu pussi sopii karkkeihin, kakkupapereihin jne.<br \/>\nSis\u00e4lt\u00e4\u00e4 100 kpl.<br \/>\nMateriaali: l\u00e4pin\u00e4kyv\u00e4 polypropeeni.<br \/>\nKoko: 10 x 15 cm.<\/p>","protected":false},"excerpt":{"rendered":"<p>L\u00e4pin\u00e4kyv\u00e4st\u00e4 elintarvikemuovista valmistettu pussi sopii karkeille, kakkupapereille jne. Sis\u00e4lt\u00e4\u00e4 100 kpl. Materiaali: l\u00e4pin\u00e4kyv\u00e4 polypropeeni. Koko: 10 x 15 cm.<\/p>","protected":false},"featured_media":5077,"template":"","meta":{"_seopress_robots_primary_cat":"none","_seopress_titles_title":"","_seopress_titles_desc":"","_seopress_robots_index":""},"product_brand":[],"product_cat":[182,181,15,95],"product_tag":[],"class_list":{"0":"post-5075","1":"product","2":"type-product","3":"status-publish","4":"has-post-thumbnail","6":"product_cat-christmas","7":"product_cat-christmas-new-year","8":"product_cat-all-products","9":"product_cat-plastic-and-paper-bags","11":"first","12":"instock","13":"taxable","14":"shipping-taxable","15":"purchasable","16":"product-type-simple"},"_links":{"self":[{"href":"https:\/\/candeebaar.ee\/fi\/wp-json\/wp\/v2\/product\/5075","targetHints":{"allow":["GET"]}}],"collection":[{"href":"https:\/\/candeebaar.ee\/fi\/wp-json\/wp\/v2\/product"}],"about":[{"href":"https:\/\/candeebaar.ee\/fi\/wp-json\/wp\/v2\/types\/product"}],"version-history":[{"count":1,"href":"https:\/\/candeebaar.ee\/fi\/wp-json\/wp\/v2\/product\/5075\/revisions"}],"predecessor-version":[{"id":5076,"href":"https:\/\/candeebaar.ee\/fi\/wp-json\/wp\/v2\/product\/5075\/revisions\/5076"}],"wp:featuredmedia":[{"embeddable":true,"href":"https:\/\/candeebaar.ee\/fi\/wp-json\/wp\/v2\/media\/5077"}],"wp:attachment":[{"href":"https:\/\/candeebaar.ee\/fi\/wp-json\/wp\/v2\/media?parent=5075"}],"wp:term":[{"taxonomy":"product_brand","embeddable":true,"href":"https:\/\/candeebaar.ee\/fi\/wp-json\/wp\/v2\/product_brand?post=5075"},{"taxonomy":"product_cat","embeddable":true,"href":"https:\/\/candeebaar.ee\/fi\/wp-json\/wp\/v2\/product_cat?post=5075"},{"taxonomy":"product_tag","embeddable":true,"href":"https:\/\/candeebaar.ee\/fi\/wp-json\/wp\/v2\/product_tag?post=5075"}],"curies":[{"name":"wp","href":"https:\/\/api.w.org\/{rel}","templated":true}]}}