{"id":5081,"date":"2024-12-31T20:07:57","date_gmt":"2024-12-31T20:07:57","guid":{"rendered":"https:\/\/storetest.ivi.ee\/product\/fondant-smoother-14x8cm\/"},"modified":"2026-03-31T12:27:46","modified_gmt":"2026-03-31T10:27:46","slug":"fondant-sileampi-14x8cm","status":"publish","type":"product","link":"https:\/\/candeebaar.ee\/fi\/kauppa\/fondant-sileampi-14x8cm\/","title":{"rendered":"Fondant sile\u00e4mpi 14x8cm"},"content":{"rendered":"<p>Fondantin tasoitusty\u00f6kalu.<br \/>\nAmmattimainen kaavin, jota k\u00e4ytet\u00e4\u00e4n kakun pintojen tasoittamiseen.<br \/>\nKoko: 140x80mm<br \/>\nMateriaali: muovi<br \/>\nValmistaja: Kiina<\/p>","protected":false},"excerpt":{"rendered":"<p>Fondantin tasoitusty\u00f6kalu. Ammattimainen kaavin, jota k\u00e4ytet\u00e4\u00e4n kakun pintojen tasoittamiseen. Koko: 140x80mm Materiaali: muovi Valmistaja: Kiina<\/p>","protected":false},"featured_media":5083,"template":"","meta":{"_seopress_robots_primary_cat":"none","_seopress_titles_title":"","_seopress_titles_desc":"","_seopress_robots_index":""},"product_brand":[],"product_cat":[15,84],"product_tag":[],"class_list":{"0":"post-5081","1":"product","2":"type-product","3":"status-publish","4":"has-post-thumbnail","6":"product_cat-all-products","7":"product_cat-tools","9":"first","10":"instock","11":"taxable","12":"shipping-taxable","13":"purchasable","14":"product-type-simple"},"_links":{"self":[{"href":"https:\/\/candeebaar.ee\/fi\/wp-json\/wp\/v2\/product\/5081","targetHints":{"allow":["GET"]}}],"collection":[{"href":"https:\/\/candeebaar.ee\/fi\/wp-json\/wp\/v2\/product"}],"about":[{"href":"https:\/\/candeebaar.ee\/fi\/wp-json\/wp\/v2\/types\/product"}],"version-history":[{"count":1,"href":"https:\/\/candeebaar.ee\/fi\/wp-json\/wp\/v2\/product\/5081\/revisions"}],"predecessor-version":[{"id":5082,"href":"https:\/\/candeebaar.ee\/fi\/wp-json\/wp\/v2\/product\/5081\/revisions\/5082"}],"wp:featuredmedia":[{"embeddable":true,"href":"https:\/\/candeebaar.ee\/fi\/wp-json\/wp\/v2\/media\/5083"}],"wp:attachment":[{"href":"https:\/\/candeebaar.ee\/fi\/wp-json\/wp\/v2\/media?parent=5081"}],"wp:term":[{"taxonomy":"product_brand","embeddable":true,"href":"https:\/\/candeebaar.ee\/fi\/wp-json\/wp\/v2\/product_brand?post=5081"},{"taxonomy":"product_cat","embeddable":true,"href":"https:\/\/candeebaar.ee\/fi\/wp-json\/wp\/v2\/product_cat?post=5081"},{"taxonomy":"product_tag","embeddable":true,"href":"https:\/\/candeebaar.ee\/fi\/wp-json\/wp\/v2\/product_tag?post=5081"}],"curies":[{"name":"wp","href":"https:\/\/api.w.org\/{rel}","templated":true}]}}