{"id":5084,"date":"2024-12-31T20:07:57","date_gmt":"2024-12-31T20:07:57","guid":{"rendered":"https:\/\/storetest.ivi.ee\/product\/callebaut-crispearls-mona-lisa-white-100g\/"},"modified":"2026-03-27T10:15:24","modified_gmt":"2026-03-27T08:15:24","slug":"callebaut-crispearls-mona-lisa-valkoinen-100g","status":"publish","type":"product","link":"https:\/\/candeebaar.ee\/fi\/kauppa\/callebaut-crispearls-mona-lisa-valkoinen-100g\/","title":{"rendered":"Callebaut Crispearls \u201cMona Lisa\u201d White 100g"},"content":{"rendered":"<p>Rapeat rakeet valkosuklaa Callebautissa.<br \/>\nErinomainen koriste kaikkiin j\u00e4lkiruokiin.<br \/>\nKoostumus:<br \/>\nValkosuklaa 84% (sokeri, kaakaovoi, kuiva <strong>maitoa<\/strong>, <strong>maitoa<\/strong> hera, emulgointiaine: soijalesitiini, vanilliini)<br \/>\nRapeat hiutaleet (<strong>vehn\u00e4<\/strong> jauhot, sokeri, <strong>vehn\u00e4<\/strong> mallasjauho, <strong>vehn\u00e4<\/strong> t\u00e4rkkelys, E500ii, suola, kaakaovoi, vanilliini)<br \/>\nglukoosisiirappi, E414,<br \/>\nPallon koko \u2248 5 mm<br \/>\nPaino: 100g<br \/>\nValmistaja: Callebaut, Belgia<\/p>","protected":false},"excerpt":{"rendered":"<p>Rapeat rakeet valkosuklaa Callebautissa. Erinomainen koriste kaikkiin j\u00e4lkiruokiin. Koostumus: Valkosuklaa 84% (sokeri, kaakaovoi, maitojauhe, maitohera, emulgointiaine: soijalesitiini, vanilliini) Rapeat hiutaleet (vehn\u00e4jauho, sokeri, vehn\u00e4mallasjauho, vehn\u00e4t\u00e4rkkelys, E500ii, suola, kaakaovoi, vanilliini) Glukoosisiirappi , E414, Pallon koko \u2248 5 mm Massa: 100g Valmistaja: Callebaut, Belgia<\/p>","protected":false},"featured_media":5086,"template":"","meta":{"_seopress_robots_primary_cat":"none","_seopress_titles_title":"","_seopress_titles_desc":"","_seopress_robots_index":""},"product_brand":[],"product_cat":[180,15,110,104],"product_tag":[],"class_list":{"0":"post-5084","1":"product","2":"type-product","3":"status-publish","4":"has-post-thumbnail","6":"product_cat-wedding-products","7":"product_cat-all-products","8":"product_cat-callebaut","9":"product_cat-sprinkles","10":"brand-callebaut","12":"first","13":"instock","14":"taxable","15":"shipping-taxable","16":"purchasable","17":"product-type-simple"},"_links":{"self":[{"href":"https:\/\/candeebaar.ee\/fi\/wp-json\/wp\/v2\/product\/5084","targetHints":{"allow":["GET"]}}],"collection":[{"href":"https:\/\/candeebaar.ee\/fi\/wp-json\/wp\/v2\/product"}],"about":[{"href":"https:\/\/candeebaar.ee\/fi\/wp-json\/wp\/v2\/types\/product"}],"version-history":[{"count":1,"href":"https:\/\/candeebaar.ee\/fi\/wp-json\/wp\/v2\/product\/5084\/revisions"}],"predecessor-version":[{"id":5085,"href":"https:\/\/candeebaar.ee\/fi\/wp-json\/wp\/v2\/product\/5084\/revisions\/5085"}],"wp:featuredmedia":[{"embeddable":true,"href":"https:\/\/candeebaar.ee\/fi\/wp-json\/wp\/v2\/media\/5086"}],"wp:attachment":[{"href":"https:\/\/candeebaar.ee\/fi\/wp-json\/wp\/v2\/media?parent=5084"}],"wp:term":[{"taxonomy":"product_brand","embeddable":true,"href":"https:\/\/candeebaar.ee\/fi\/wp-json\/wp\/v2\/product_brand?post=5084"},{"taxonomy":"product_cat","embeddable":true,"href":"https:\/\/candeebaar.ee\/fi\/wp-json\/wp\/v2\/product_cat?post=5084"},{"taxonomy":"product_tag","embeddable":true,"href":"https:\/\/candeebaar.ee\/fi\/wp-json\/wp\/v2\/product_tag?post=5084"}],"curies":[{"name":"wp","href":"https:\/\/api.w.org\/{rel}","templated":true}]}}