{"id":5117,"date":"2024-12-31T20:07:57","date_gmt":"2024-12-31T20:07:57","guid":{"rendered":"https:\/\/storetest.ivi.ee\/product\/metal-baking-mold-round-adjustable-16-30cm-85mm\/"},"modified":"2026-04-12T21:07:20","modified_gmt":"2026-04-12T19:07:20","slug":"metallinen-leivinmuotti-pyorea-saadettava-16-30cm-85mm","status":"publish","type":"product","link":"https:\/\/candeebaar.ee\/fi\/kauppa\/metallinen-leivinmuotti-pyorea-saadettava-16-30cm-85mm\/","title":{"rendered":"Metallinen leivinmuotti py\u00f6re\u00e4 s\u00e4\u00e4dett\u00e4v\u00e4 16-30cm 85mm"},"content":{"rendered":"<p>S\u00e4\u00e4dett\u00e4v\u00e4 muoto kaikenkokoisille py\u00f6reille kakuille 16-30 cm.<br \/>\n Korkeus: 85 mm<br \/>\n Materiaali: ruostumaton ter\u00e4s<br \/>\n Valmistaja: Kiina<\/p>\n<p> &nbsp;<\/p>","protected":false},"excerpt":{"rendered":"<p>S\u00e4\u00e4dett\u00e4v\u00e4 muoto kaikenkokoisille py\u00f6reille kakuille 16-30 cm. Korkeus: 85 mm Materiaali: ruostumaton ter\u00e4s Valmistaja: Kiina &nbsp;<\/p>","protected":false},"featured_media":5119,"template":"","meta":{"_seopress_robots_primary_cat":"","_seopress_titles_title":"","_seopress_titles_desc":"","_seopress_robots_index":""},"product_brand":[],"product_cat":[15,116,109],"product_tag":[],"class_list":{"0":"post-5117","1":"product","2":"type-product","3":"status-publish","4":"has-post-thumbnail","6":"product_cat-all-products","7":"product_cat-metal","8":"product_cat-sale","10":"first","11":"instock","12":"sale","13":"taxable","14":"shipping-taxable","15":"purchasable","16":"product-type-simple"},"_links":{"self":[{"href":"https:\/\/candeebaar.ee\/fi\/wp-json\/wp\/v2\/product\/5117","targetHints":{"allow":["GET"]}}],"collection":[{"href":"https:\/\/candeebaar.ee\/fi\/wp-json\/wp\/v2\/product"}],"about":[{"href":"https:\/\/candeebaar.ee\/fi\/wp-json\/wp\/v2\/types\/product"}],"version-history":[{"count":1,"href":"https:\/\/candeebaar.ee\/fi\/wp-json\/wp\/v2\/product\/5117\/revisions"}],"predecessor-version":[{"id":5118,"href":"https:\/\/candeebaar.ee\/fi\/wp-json\/wp\/v2\/product\/5117\/revisions\/5118"}],"wp:featuredmedia":[{"embeddable":true,"href":"https:\/\/candeebaar.ee\/fi\/wp-json\/wp\/v2\/media\/5119"}],"wp:attachment":[{"href":"https:\/\/candeebaar.ee\/fi\/wp-json\/wp\/v2\/media?parent=5117"}],"wp:term":[{"taxonomy":"product_brand","embeddable":true,"href":"https:\/\/candeebaar.ee\/fi\/wp-json\/wp\/v2\/product_brand?post=5117"},{"taxonomy":"product_cat","embeddable":true,"href":"https:\/\/candeebaar.ee\/fi\/wp-json\/wp\/v2\/product_cat?post=5117"},{"taxonomy":"product_tag","embeddable":true,"href":"https:\/\/candeebaar.ee\/fi\/wp-json\/wp\/v2\/product_tag?post=5117"}],"curies":[{"name":"wp","href":"https:\/\/api.w.org\/{rel}","templated":true}]}}