{"id":5121,"date":"2024-12-31T20:07:57","date_gmt":"2024-12-31T20:07:57","guid":{"rendered":"https:\/\/storetest.ivi.ee\/product\/box-for-pie-30x40x10-cm\/"},"modified":"2026-04-19T07:29:31","modified_gmt":"2026-04-19T05:29:31","slug":"laatikko-piirakalle-30x40x10-cm","status":"publish","type":"product","link":"https:\/\/candeebaar.ee\/fi\/kauppa\/laatikko-piirakalle-30x40x10-cm\/","title":{"rendered":"Piirakkalaatikko 30x40x10 cm"},"content":{"rendered":"<p>Laatikko pienille p\u00e4\u00e4si\u00e4iskakkuille, piirakoille jne.<br \/>\nMateriaali: mikroaaltopahvi<br \/>\nV\u00e4ri: valkoinen<br \/>\nMitat: 30x40x10 cm<\/p>","protected":false},"excerpt":{"rendered":"<p>Laatikko matalille p\u00e4\u00e4si\u00e4iskakkuille, piirakoille jne. Materiaali: mikroaaltopahvi V\u00e4ri: valkoinen Mitat: 30x40x10 cm<\/p>","protected":false},"featured_media":5123,"template":"","meta":{"_seopress_robots_primary_cat":"none","_seopress_titles_title":"","_seopress_titles_desc":"","_seopress_robots_index":""},"product_brand":[],"product_cat":[15,134,137],"product_tag":[],"class_list":{"0":"post-5121","1":"product","2":"type-product","3":"status-publish","4":"has-post-thumbnail","6":"product_cat-all-products","7":"product_cat-30cm-base","8":"product_cat-rectangular","10":"first","11":"instock","12":"taxable","13":"shipping-taxable","14":"purchasable","15":"product-type-simple"},"_links":{"self":[{"href":"https:\/\/candeebaar.ee\/fi\/wp-json\/wp\/v2\/product\/5121","targetHints":{"allow":["GET"]}}],"collection":[{"href":"https:\/\/candeebaar.ee\/fi\/wp-json\/wp\/v2\/product"}],"about":[{"href":"https:\/\/candeebaar.ee\/fi\/wp-json\/wp\/v2\/types\/product"}],"version-history":[{"count":1,"href":"https:\/\/candeebaar.ee\/fi\/wp-json\/wp\/v2\/product\/5121\/revisions"}],"predecessor-version":[{"id":5122,"href":"https:\/\/candeebaar.ee\/fi\/wp-json\/wp\/v2\/product\/5121\/revisions\/5122"}],"wp:featuredmedia":[{"embeddable":true,"href":"https:\/\/candeebaar.ee\/fi\/wp-json\/wp\/v2\/media\/5123"}],"wp:attachment":[{"href":"https:\/\/candeebaar.ee\/fi\/wp-json\/wp\/v2\/media?parent=5121"}],"wp:term":[{"taxonomy":"product_brand","embeddable":true,"href":"https:\/\/candeebaar.ee\/fi\/wp-json\/wp\/v2\/product_brand?post=5121"},{"taxonomy":"product_cat","embeddable":true,"href":"https:\/\/candeebaar.ee\/fi\/wp-json\/wp\/v2\/product_cat?post=5121"},{"taxonomy":"product_tag","embeddable":true,"href":"https:\/\/candeebaar.ee\/fi\/wp-json\/wp\/v2\/product_tag?post=5121"}],"curies":[{"name":"wp","href":"https:\/\/api.w.org\/{rel}","templated":true}]}}