{"id":5147,"date":"2024-12-31T20:08:07","date_gmt":"2024-12-31T20:08:07","guid":{"rendered":"https:\/\/storetest.ivi.ee\/product\/callebaut-mycryo-100g\/"},"modified":"2026-02-10T10:19:48","modified_gmt":"2026-02-10T08:19:48","slug":"callebaut-mycryo-100g","status":"publish","type":"product","link":"https:\/\/candeebaar.ee\/fi\/kauppa\/callebaut-mycryo-100g\/","title":{"rendered":"Callebaut Mycryo 100g"},"content":{"rendered":"<p>Kaakaovoita \u201dMikrio\u201d k\u00e4ytet\u00e4\u00e4n laajasti ruoanlaitossa.<br \/>\nEi sis\u00e4ll\u00e4 kolesterolia, on 100% kasvipohjainen.<br \/>\nKoostumus: kaakaovoi<br \/>\n100g sis\u00e4lt\u00e4\u00e4: 100g rasvoja (joista 60g tyydyttyneit\u00e4)<br \/>\nVarastointil\u00e4mp\u00f6tila: 12-20\u00b0C<br \/>\nK\u00e4ytt\u00f6l\u00e4mp\u00f6tila: jopa 200\u00b0C<br \/>\nPaino: 100g<br \/>\nValmistaja: Barry Callebaut Belgia<\/p>","protected":false},"excerpt":{"rendered":"<p>Kaakaovoita \u201dMikrio\u201d k\u00e4ytet\u00e4\u00e4n laajasti ruoanlaitossa. Ei sis\u00e4ll\u00e4 kolesterolia, on 100% kasvipohjainen. Koostumus: kaakaovoi 100g sis\u00e4lt\u00e4\u00e4: 100g rasvoja (joista 60g tyydyttyneit\u00e4) Varastointil\u00e4mp\u00f6tila: 12-20\u00b0C K\u00e4ytt\u00f6l\u00e4mp\u00f6tila: jopa 200\u00b0C Paino: 100g Valmistaja: Barry Callebaut Belgia<\/p>","protected":false},"featured_media":5149,"template":"","meta":{"_seopress_robots_primary_cat":"none","_seopress_titles_title":"","_seopress_titles_desc":"","_seopress_robots_index":""},"product_brand":[],"product_cat":[15,110],"product_tag":[],"class_list":{"0":"post-5147","1":"product","2":"type-product","3":"status-publish","4":"has-post-thumbnail","6":"product_cat-all-products","7":"product_cat-callebaut","8":"brand-callebaut","10":"first","11":"instock","12":"taxable","13":"shipping-taxable","14":"purchasable","15":"product-type-simple"},"_links":{"self":[{"href":"https:\/\/candeebaar.ee\/fi\/wp-json\/wp\/v2\/product\/5147","targetHints":{"allow":["GET"]}}],"collection":[{"href":"https:\/\/candeebaar.ee\/fi\/wp-json\/wp\/v2\/product"}],"about":[{"href":"https:\/\/candeebaar.ee\/fi\/wp-json\/wp\/v2\/types\/product"}],"version-history":[{"count":1,"href":"https:\/\/candeebaar.ee\/fi\/wp-json\/wp\/v2\/product\/5147\/revisions"}],"predecessor-version":[{"id":5148,"href":"https:\/\/candeebaar.ee\/fi\/wp-json\/wp\/v2\/product\/5147\/revisions\/5148"}],"wp:featuredmedia":[{"embeddable":true,"href":"https:\/\/candeebaar.ee\/fi\/wp-json\/wp\/v2\/media\/5149"}],"wp:attachment":[{"href":"https:\/\/candeebaar.ee\/fi\/wp-json\/wp\/v2\/media?parent=5147"}],"wp:term":[{"taxonomy":"product_brand","embeddable":true,"href":"https:\/\/candeebaar.ee\/fi\/wp-json\/wp\/v2\/product_brand?post=5147"},{"taxonomy":"product_cat","embeddable":true,"href":"https:\/\/candeebaar.ee\/fi\/wp-json\/wp\/v2\/product_cat?post=5147"},{"taxonomy":"product_tag","embeddable":true,"href":"https:\/\/candeebaar.ee\/fi\/wp-json\/wp\/v2\/product_tag?post=5147"}],"curies":[{"name":"wp","href":"https:\/\/api.w.org\/{rel}","templated":true}]}}