{"id":5177,"date":"2024-12-31T20:08:07","date_gmt":"2024-12-31T20:08:07","guid":{"rendered":"https:\/\/storetest.ivi.ee\/product\/spatula-for-leveling-cake-with-markings\/"},"modified":"2025-09-01T08:30:50","modified_gmt":"2025-09-01T06:30:50","slug":"lastalla-kakun-tasoittamiseksi-merkinnoilla","status":"publish","type":"product","link":"https:\/\/candeebaar.ee\/fi\/kauppa\/lastalla-kakun-tasoittamiseksi-merkinnoilla\/","title":{"rendered":"Lasta kakun tasoittamiseen merkinn\u00f6ill\u00e4"},"content":{"rendered":"<p>Metallilastalla kakkujen tasoittamiseen, on merkinn\u00e4t.<br \/>\nEritt\u00e4in luotettava ja tukeva.<br \/>\nMitat: 15 x 11,5 x 2,5 cm<br \/>\nMateriaali: ruostumaton ter\u00e4s<br \/>\nTuotanto: Kiina<\/p>","protected":false},"excerpt":{"rendered":"<p>Metallilastalla kakkujen tasoittamiseen, on merkinn\u00e4t. Eritt\u00e4in luotettava ja tukeva. Mitat: 15 x 11,5 x 2,5 cm Materiaali: ruostumaton ter\u00e4s Tuotanto: Kiina<\/p>","protected":false},"featured_media":5179,"template":"","meta":{"_seopress_robots_primary_cat":"none","_seopress_titles_title":"","_seopress_titles_desc":"","_seopress_robots_index":""},"product_brand":[],"product_cat":[15,84],"product_tag":[],"class_list":{"0":"post-5177","1":"product","2":"type-product","3":"status-publish","4":"has-post-thumbnail","6":"product_cat-all-products","7":"product_cat-tools","9":"first","10":"outofstock","11":"taxable","12":"shipping-taxable","13":"purchasable","14":"product-type-simple"},"_links":{"self":[{"href":"https:\/\/candeebaar.ee\/fi\/wp-json\/wp\/v2\/product\/5177","targetHints":{"allow":["GET"]}}],"collection":[{"href":"https:\/\/candeebaar.ee\/fi\/wp-json\/wp\/v2\/product"}],"about":[{"href":"https:\/\/candeebaar.ee\/fi\/wp-json\/wp\/v2\/types\/product"}],"version-history":[{"count":2,"href":"https:\/\/candeebaar.ee\/fi\/wp-json\/wp\/v2\/product\/5177\/revisions"}],"predecessor-version":[{"id":13417,"href":"https:\/\/candeebaar.ee\/fi\/wp-json\/wp\/v2\/product\/5177\/revisions\/13417"}],"wp:featuredmedia":[{"embeddable":true,"href":"https:\/\/candeebaar.ee\/fi\/wp-json\/wp\/v2\/media\/5179"}],"wp:attachment":[{"href":"https:\/\/candeebaar.ee\/fi\/wp-json\/wp\/v2\/media?parent=5177"}],"wp:term":[{"taxonomy":"product_brand","embeddable":true,"href":"https:\/\/candeebaar.ee\/fi\/wp-json\/wp\/v2\/product_brand?post=5177"},{"taxonomy":"product_cat","embeddable":true,"href":"https:\/\/candeebaar.ee\/fi\/wp-json\/wp\/v2\/product_cat?post=5177"},{"taxonomy":"product_tag","embeddable":true,"href":"https:\/\/candeebaar.ee\/fi\/wp-json\/wp\/v2\/product_tag?post=5177"}],"curies":[{"name":"wp","href":"https:\/\/api.w.org\/{rel}","templated":true}]}}