{"id":5183,"date":"2024-12-31T20:08:07","date_gmt":"2024-12-31T20:08:07","guid":{"rendered":"https:\/\/storetest.ivi.ee\/product\/candy-box-17x17-white-5pcs\/"},"modified":"2024-12-31T20:08:23","modified_gmt":"2024-12-31T20:08:23","slug":"karkkirasia-17x17-valkoinen-5-kpl","status":"publish","type":"product","link":"https:\/\/candeebaar.ee\/fi\/kauppa\/karkkirasia-17x17-valkoinen-5-kpl\/","title":{"rendered":"Karkkirasia 17\u00d717 valkoinen 5 kpl"},"content":{"rendered":"<p>16 lokeron karkkirasia, jossa l\u00e4pin\u00e4kyv\u00e4 ikkuna. Sis\u00e4lt\u00e4\u00e4 5 kpl.<br \/>\nKoko: 175 x 175 x 40 mm<br \/>\nMateriaali: pahvi<br \/>\nV\u00e4ri: valkoinen<\/p>","protected":false},"excerpt":{"rendered":"<p>16 lokeron karkkirasia, jossa l\u00e4pin\u00e4kyv\u00e4 ikkuna. Sis\u00e4lt\u00e4\u00e4 5 kpl. Koko: 175x175x40mm Materiaali: pahvi V\u00e4ri: valkoinen<\/p>","protected":false},"featured_media":5185,"template":"","meta":{"_seopress_robots_primary_cat":"","_seopress_titles_title":"","_seopress_titles_desc":"","_seopress_robots_index":""},"product_brand":[],"product_cat":[15],"product_tag":[],"class_list":{"0":"post-5183","1":"product","2":"type-product","3":"status-publish","4":"has-post-thumbnail","6":"product_cat-all-products","8":"first","9":"outofstock","10":"taxable","11":"shipping-taxable","12":"purchasable","13":"product-type-simple"},"_links":{"self":[{"href":"https:\/\/candeebaar.ee\/fi\/wp-json\/wp\/v2\/product\/5183","targetHints":{"allow":["GET"]}}],"collection":[{"href":"https:\/\/candeebaar.ee\/fi\/wp-json\/wp\/v2\/product"}],"about":[{"href":"https:\/\/candeebaar.ee\/fi\/wp-json\/wp\/v2\/types\/product"}],"version-history":[{"count":1,"href":"https:\/\/candeebaar.ee\/fi\/wp-json\/wp\/v2\/product\/5183\/revisions"}],"predecessor-version":[{"id":5184,"href":"https:\/\/candeebaar.ee\/fi\/wp-json\/wp\/v2\/product\/5183\/revisions\/5184"}],"wp:featuredmedia":[{"embeddable":true,"href":"https:\/\/candeebaar.ee\/fi\/wp-json\/wp\/v2\/media\/5185"}],"wp:attachment":[{"href":"https:\/\/candeebaar.ee\/fi\/wp-json\/wp\/v2\/media?parent=5183"}],"wp:term":[{"taxonomy":"product_brand","embeddable":true,"href":"https:\/\/candeebaar.ee\/fi\/wp-json\/wp\/v2\/product_brand?post=5183"},{"taxonomy":"product_cat","embeddable":true,"href":"https:\/\/candeebaar.ee\/fi\/wp-json\/wp\/v2\/product_cat?post=5183"},{"taxonomy":"product_tag","embeddable":true,"href":"https:\/\/candeebaar.ee\/fi\/wp-json\/wp\/v2\/product_tag?post=5183"}],"curies":[{"name":"wp","href":"https:\/\/api.w.org\/{rel}","templated":true}]}}