{"id":5195,"date":"2024-12-31T20:08:07","date_gmt":"2024-12-31T20:08:07","guid":{"rendered":"https:\/\/storetest.ivi.ee\/product\/rotating-decorating-turntable-28cm\/"},"modified":"2025-07-11T03:17:48","modified_gmt":"2025-07-11T01:17:48","slug":"pyoriva-koristeellinen-kaantopoyta-28cm","status":"publish","type":"product","link":"https:\/\/candeebaar.ee\/fi\/kauppa\/pyoriva-koristeellinen-kaantopoyta-28cm\/","title":{"rendered":"Py\u00f6riv\u00e4 koristelautanen 28cm"},"content":{"rendered":"<p>Py\u00f6riv\u00e4 k\u00e4\u00e4nt\u00f6p\u00f6yt\u00e4 kakun koristeluun. Luotettava rakenne.<br \/>\nHalkaisija: 27,5 cm<br \/>\nKorkeus: 6,5 cm<br \/>\nMateriaali: muovi<br \/>\nEi sovellu astianpesukoneeseen, on suositeltavaa pyyhki\u00e4 kostealla liinalla py\u00f6rimismekanismin vaurioitumisen v\u00e4ltt\u00e4miseksi.<br \/>\nValmistaja: Kiina<\/p>","protected":false},"excerpt":{"rendered":"<p>Py\u00f6riv\u00e4 k\u00e4\u00e4nt\u00f6p\u00f6yt\u00e4 kakun koristeluun. Luotettava rakenne. Halkaisija: 27,5cm Korkeus: 6,5cm Materiaali: muovi Ei sovellu astianpesukoneeseen, on suositeltavaa pyyhki\u00e4 kostealla liinalla py\u00f6rimismekanismin vaurioitumisen v\u00e4ltt\u00e4miseksi. Valmistaja: Kiina<\/p>","protected":false},"featured_media":5197,"template":"","meta":{"_seopress_robots_primary_cat":"","_seopress_titles_title":"","_seopress_titles_desc":"","_seopress_robots_index":""},"product_brand":[],"product_cat":[15,87],"product_tag":[],"class_list":{"0":"post-5195","1":"product","2":"type-product","3":"status-publish","4":"has-post-thumbnail","6":"product_cat-all-products","7":"product_cat-stands","9":"first","10":"outofstock","11":"taxable","12":"shipping-taxable","13":"purchasable","14":"product-type-simple"},"_links":{"self":[{"href":"https:\/\/candeebaar.ee\/fi\/wp-json\/wp\/v2\/product\/5195","targetHints":{"allow":["GET"]}}],"collection":[{"href":"https:\/\/candeebaar.ee\/fi\/wp-json\/wp\/v2\/product"}],"about":[{"href":"https:\/\/candeebaar.ee\/fi\/wp-json\/wp\/v2\/types\/product"}],"version-history":[{"count":1,"href":"https:\/\/candeebaar.ee\/fi\/wp-json\/wp\/v2\/product\/5195\/revisions"}],"predecessor-version":[{"id":5196,"href":"https:\/\/candeebaar.ee\/fi\/wp-json\/wp\/v2\/product\/5195\/revisions\/5196"}],"wp:featuredmedia":[{"embeddable":true,"href":"https:\/\/candeebaar.ee\/fi\/wp-json\/wp\/v2\/media\/5197"}],"wp:attachment":[{"href":"https:\/\/candeebaar.ee\/fi\/wp-json\/wp\/v2\/media?parent=5195"}],"wp:term":[{"taxonomy":"product_brand","embeddable":true,"href":"https:\/\/candeebaar.ee\/fi\/wp-json\/wp\/v2\/product_brand?post=5195"},{"taxonomy":"product_cat","embeddable":true,"href":"https:\/\/candeebaar.ee\/fi\/wp-json\/wp\/v2\/product_cat?post=5195"},{"taxonomy":"product_tag","embeddable":true,"href":"https:\/\/candeebaar.ee\/fi\/wp-json\/wp\/v2\/product_tag?post=5195"}],"curies":[{"name":"wp","href":"https:\/\/api.w.org\/{rel}","templated":true}]}}