{"id":5204,"date":"2024-12-31T20:08:35","date_gmt":"2024-12-31T20:08:35","guid":{"rendered":"https:\/\/storetest.ivi.ee\/product\/silicone-spatula-21cm\/"},"modified":"2026-04-17T00:37:04","modified_gmt":"2026-04-16T22:37:04","slug":"silikonilasta-21cm","status":"publish","type":"product","link":"https:\/\/candeebaar.ee\/fi\/kauppa\/silikonilasta-21cm\/","title":{"rendered":"Silikonilastalla 21cm"},"content":{"rendered":"<p>Pieni silikonilasta, l\u00e4mm\u00f6nkest\u00e4v\u00e4 (jopa 230\u00b0C).<br \/>\nPituus: 21 cm<br \/>\nLeveys: 4 cm<br \/>\nMateriaali: elintarvikesilikoni<br \/>\nValmistettu: Kiinassa<\/p>","protected":false},"excerpt":{"rendered":"<p>Pieni silikonilasta, l\u00e4mm\u00f6nkest\u00e4v\u00e4 (jopa 230\u00b0C). Pituus: 21cm Leveys: 4cm Materiaali: elintarvikesilikoni Valmistettu: Kiina<\/p>","protected":false},"featured_media":5206,"template":"","meta":{"_seopress_robots_primary_cat":"none","_seopress_titles_title":"","_seopress_titles_desc":"","_seopress_robots_index":""},"product_brand":[],"product_cat":[15,84,109],"product_tag":[],"class_list":{"0":"post-5204","1":"product","2":"type-product","3":"status-publish","4":"has-post-thumbnail","6":"product_cat-all-products","7":"product_cat-tools","8":"product_cat-sale","10":"first","11":"instock","12":"sale","13":"taxable","14":"shipping-taxable","15":"purchasable","16":"product-type-simple"},"_links":{"self":[{"href":"https:\/\/candeebaar.ee\/fi\/wp-json\/wp\/v2\/product\/5204","targetHints":{"allow":["GET"]}}],"collection":[{"href":"https:\/\/candeebaar.ee\/fi\/wp-json\/wp\/v2\/product"}],"about":[{"href":"https:\/\/candeebaar.ee\/fi\/wp-json\/wp\/v2\/types\/product"}],"version-history":[{"count":1,"href":"https:\/\/candeebaar.ee\/fi\/wp-json\/wp\/v2\/product\/5204\/revisions"}],"predecessor-version":[{"id":5205,"href":"https:\/\/candeebaar.ee\/fi\/wp-json\/wp\/v2\/product\/5204\/revisions\/5205"}],"wp:featuredmedia":[{"embeddable":true,"href":"https:\/\/candeebaar.ee\/fi\/wp-json\/wp\/v2\/media\/5206"}],"wp:attachment":[{"href":"https:\/\/candeebaar.ee\/fi\/wp-json\/wp\/v2\/media?parent=5204"}],"wp:term":[{"taxonomy":"product_brand","embeddable":true,"href":"https:\/\/candeebaar.ee\/fi\/wp-json\/wp\/v2\/product_brand?post=5204"},{"taxonomy":"product_cat","embeddable":true,"href":"https:\/\/candeebaar.ee\/fi\/wp-json\/wp\/v2\/product_cat?post=5204"},{"taxonomy":"product_tag","embeddable":true,"href":"https:\/\/candeebaar.ee\/fi\/wp-json\/wp\/v2\/product_tag?post=5204"}],"curies":[{"name":"wp","href":"https:\/\/api.w.org\/{rel}","templated":true}]}}