{"id":5210,"date":"2024-12-31T20:08:35","date_gmt":"2024-12-31T20:08:35","guid":{"rendered":"https:\/\/storetest.ivi.ee\/product\/callebaut-zephyr-chocolate-34-200g\/"},"modified":"2025-04-22T09:29:15","modified_gmt":"2025-04-22T07:29:15","slug":"callebaut-zephyr-suklaa-34-200g","status":"publish","type":"product","link":"https:\/\/candeebaar.ee\/fi\/kauppa\/callebaut-zephyr-suklaa-34-200g\/","title":{"rendered":"Callebaut Zephyr Chocolate (34%) 200g"},"content":{"rendered":"<p>Valkoinen peitto, jossa on v\u00e4hennetty sokeripitoisuus.<br \/>\nKaakaopitoisuus 34%.<br \/>\nAinesosat: sokeri, kaakaovoi, kokonaisena <strong>maitoa<\/strong> jauhe, rasvaton kuiva <strong>maitoa<\/strong>, <strong>soija<\/strong> lesitiini (emulgointiaine)<br \/>\nPaino: 200g<\/p>\n<table style=\"height: 160px; width: 409px;\" width=\"409\">\n<tbody>\n<tr>\n<td style=\"width: 244px;\">Sis\u00e4lt\u00f6 per<\/td>\n<td style=\"width: 150.4px;\">100g<\/td>\n<\/tr>\n<tr>\n<td style=\"width: 244px;\">Ravintoarvo<\/td>\n<td style=\"width: 150.4px;\">597 kcal 2500 kJ<\/td>\n<\/tr>\n<tr>\n<td style=\"width: 244px;\">Rasvat (joista tyydyttyneit\u00e4)<\/td>\n<td style=\"width: 150.4px;\">42 g (25 g)<\/td>\n<\/tr>\n<tr>\n<td style=\"width: 244px;\">Hiilihydraatit (sokeri)<\/td>\n<td style=\"width: 150.4px;\">47 g (47 g)<\/td>\n<\/tr>\n<tr>\n<td style=\"width: 244px;\">Proteiinit<\/td>\n<td style=\"width: 150.4px;\">7,5 g<\/td>\n<\/tr>\n<tr>\n<td style=\"width: 244px;\">Suolaa<\/td>\n<td style=\"width: 150.4px;\">0,25 g<\/td>\n<\/tr>\n<\/tbody>\n<\/table>\n<p>Varastointil\u00e4mp\u00f6tila: <strong>12-20 \u00b0C<\/strong><br \/>\nValmistaja: BARRY CALLEBAUT UK<br \/>\nLis\u00e4tiedot nettisivuilla <a href=\"https:\/\/www.callebaut.com\/\">callebaut.com<\/a> l\u00f6ytyy oppiaksesi monia uusia reseptej\u00e4 ja tutustuaksesi heid\u00e4n tuotteisiinsa.<\/p>\n<p>&nbsp;<\/p>","protected":false},"excerpt":{"rendered":"<p>Valkoinen peitto, jossa on v\u00e4hennetty sokeripitoisuus. Kaakaopitoisuus 34%. Ainesosat: sokeri, kaakaovoi, t\u00e4ysmaitojauhe, rasvaton kuivamaito, soijalesitiini (emulgointiaine) Paino: 200g Sis\u00e4lt\u00f6 per 100g Ravintoarvo 597 kcal 2500 kJ Rasvat (joista tyydyttyneit\u00e4) 42g (25g) Hiilihydraatit (sokeria)77gg.sokeria. 0,25g S\u00e4ilytysl\u00e4mp\u00f6tila: 12 \u2013 20 \u00b0C Valmistaja: [\u2026]<\/p>","protected":false},"featured_media":5212,"template":"","meta":{"_seopress_robots_primary_cat":"none","_seopress_titles_title":"","_seopress_titles_desc":"","_seopress_robots_index":""},"product_brand":[],"product_cat":[15,110],"product_tag":[],"class_list":{"0":"post-5210","1":"product","2":"type-product","3":"status-publish","4":"has-post-thumbnail","6":"product_cat-all-products","7":"product_cat-callebaut","8":"brand-callebaut","10":"first","11":"instock","12":"taxable","13":"shipping-taxable","14":"purchasable","15":"product-type-simple"},"_links":{"self":[{"href":"https:\/\/candeebaar.ee\/fi\/wp-json\/wp\/v2\/product\/5210","targetHints":{"allow":["GET"]}}],"collection":[{"href":"https:\/\/candeebaar.ee\/fi\/wp-json\/wp\/v2\/product"}],"about":[{"href":"https:\/\/candeebaar.ee\/fi\/wp-json\/wp\/v2\/types\/product"}],"version-history":[{"count":3,"href":"https:\/\/candeebaar.ee\/fi\/wp-json\/wp\/v2\/product\/5210\/revisions"}],"predecessor-version":[{"id":11934,"href":"https:\/\/candeebaar.ee\/fi\/wp-json\/wp\/v2\/product\/5210\/revisions\/11934"}],"wp:featuredmedia":[{"embeddable":true,"href":"https:\/\/candeebaar.ee\/fi\/wp-json\/wp\/v2\/media\/5212"}],"wp:attachment":[{"href":"https:\/\/candeebaar.ee\/fi\/wp-json\/wp\/v2\/media?parent=5210"}],"wp:term":[{"taxonomy":"product_brand","embeddable":true,"href":"https:\/\/candeebaar.ee\/fi\/wp-json\/wp\/v2\/product_brand?post=5210"},{"taxonomy":"product_cat","embeddable":true,"href":"https:\/\/candeebaar.ee\/fi\/wp-json\/wp\/v2\/product_cat?post=5210"},{"taxonomy":"product_tag","embeddable":true,"href":"https:\/\/candeebaar.ee\/fi\/wp-json\/wp\/v2\/product_tag?post=5210"}],"curies":[{"name":"wp","href":"https:\/\/api.w.org\/{rel}","templated":true}]}}