{"id":5215,"date":"2024-12-31T20:08:35","date_gmt":"2024-12-31T20:08:35","guid":{"rendered":"https:\/\/storetest.ivi.ee\/product\/box-for-6-cupcakes-double-sided-with-window\/"},"modified":"2026-02-03T15:49:43","modified_gmt":"2026-02-03T13:49:43","slug":"laatikko-6-cupcakelle-kaksipuolinen-ikkunallinen","status":"publish","type":"product","link":"https:\/\/candeebaar.ee\/fi\/kauppa\/laatikko-6-cupcakelle-kaksipuolinen-ikkunallinen\/","title":{"rendered":"Laatikko 6 cupcakelle, kaksipuolinen ikkunallinen"},"content":{"rendered":"<p>Cupcake laatikko.<br \/>\nSiin\u00e4 on erityinen sis\u00e4osa, joka pit\u00e4\u00e4 kuppikakut tiukasti paikoillaan. Ikkuna l\u00e4pin\u00e4kyv\u00e4st\u00e4 muovista.<br \/>\nLeveys: 17 cm<br \/>\nPituus: 25 cm<br \/>\nKorkeus: 10 cm<br \/>\nV\u00e4ri: valkoinen, kraft<br \/>\nMateriaali: pahvi<br \/>\nHelppo koota.<\/p>\n<p>&nbsp;<\/p>","protected":false},"excerpt":{"rendered":"<p>Cupcake laatikko. Siin\u00e4 on erityinen sis\u00e4osa, joka pit\u00e4\u00e4 kuppikakut tiukasti paikoillaan. Ikkuna l\u00e4pin\u00e4kyv\u00e4st\u00e4 muovista. Leveys: 17cm Pituus: 25cm Korkeus: 10cm V\u00e4ri: valkoinen, kraft Materiaali: pahvi Helppo koota. &nbsp;<\/p>","protected":false},"featured_media":9098,"template":"","meta":{"_seopress_robots_primary_cat":"none","_seopress_titles_title":"","_seopress_titles_desc":"","_seopress_robots_index":""},"product_brand":[],"product_cat":[15,152],"product_tag":[],"class_list":{"0":"post-5215","1":"product","2":"type-product","3":"status-publish","4":"has-post-thumbnail","6":"product_cat-all-products","7":"product_cat-cupcakes","9":"first","10":"outofstock","11":"taxable","12":"shipping-taxable","13":"purchasable","14":"product-type-simple"},"_links":{"self":[{"href":"https:\/\/candeebaar.ee\/fi\/wp-json\/wp\/v2\/product\/5215","targetHints":{"allow":["GET"]}}],"collection":[{"href":"https:\/\/candeebaar.ee\/fi\/wp-json\/wp\/v2\/product"}],"about":[{"href":"https:\/\/candeebaar.ee\/fi\/wp-json\/wp\/v2\/types\/product"}],"version-history":[{"count":2,"href":"https:\/\/candeebaar.ee\/fi\/wp-json\/wp\/v2\/product\/5215\/revisions"}],"predecessor-version":[{"id":9099,"href":"https:\/\/candeebaar.ee\/fi\/wp-json\/wp\/v2\/product\/5215\/revisions\/9099"}],"wp:featuredmedia":[{"embeddable":true,"href":"https:\/\/candeebaar.ee\/fi\/wp-json\/wp\/v2\/media\/9098"}],"wp:attachment":[{"href":"https:\/\/candeebaar.ee\/fi\/wp-json\/wp\/v2\/media?parent=5215"}],"wp:term":[{"taxonomy":"product_brand","embeddable":true,"href":"https:\/\/candeebaar.ee\/fi\/wp-json\/wp\/v2\/product_brand?post=5215"},{"taxonomy":"product_cat","embeddable":true,"href":"https:\/\/candeebaar.ee\/fi\/wp-json\/wp\/v2\/product_cat?post=5215"},{"taxonomy":"product_tag","embeddable":true,"href":"https:\/\/candeebaar.ee\/fi\/wp-json\/wp\/v2\/product_tag?post=5215"}],"curies":[{"name":"wp","href":"https:\/\/api.w.org\/{rel}","templated":true}]}}