{"id":5239,"date":"2024-12-31T20:08:35","date_gmt":"2024-12-31T20:08:35","guid":{"rendered":"https:\/\/storetest.ivi.ee\/product\/silikomart-velvet-150ml-brown\/"},"modified":"2024-12-31T20:08:47","modified_gmt":"2024-12-31T20:08:47","slug":"silikomart-velvet-150ml-ruskea","status":"publish","type":"product","link":"https:\/\/candeebaar.ee\/fi\/kauppa\/silikomart-velvet-150ml-ruskea\/","title":{"rendered":"Silikomart Velvet 150ml ruskea"},"content":{"rendered":"<p>Velvet-spray j\u00e4lkiruokien p\u00e4\u00e4llyst\u00e4miseen. Ammattik\u00e4ytt\u00f6\u00f6n.<br \/>\nKoostumus: kaakaovoi, haihtuvat kaasut (E943a, E944, E943b), auringonkukka\u00f6ljy, elintarvikev\u00e4rit (E129, E102, E133)<br \/>\n100g sis\u00e4lt\u00e4\u00e4: 100g rasvoja (joista 60g tyydyttyneit\u00e4)<br \/>\nVarastointil\u00e4mp\u00f6tila: 15-25\u00b0C<br \/>\nK\u00e4ytt\u00f6l\u00e4mp\u00f6tila: 25-35\u00b0C<br \/>\nTilavuus: 150ml<br \/>\nValmistaja: Silikomart Italia<\/p>","protected":false},"excerpt":{"rendered":"<p>Velvet-spray j\u00e4lkiruokien p\u00e4\u00e4llyst\u00e4miseen. Ammattik\u00e4ytt\u00f6\u00f6n. Koostumus: kaakaovoi, haihtuvat kaasut (E943a, E944, E943b), auringonkukka\u00f6ljy, elintarvikev\u00e4rit (E129, E102, E133) 100g sis\u00e4lt\u00e4\u00e4: 100g rasvoja (joista 60g on kyll\u00e4stetty) S\u00e4ilytysl\u00e4mp\u00f6tila: 15-25\u00b0C Tilavuus: 25\u00b0C:25\u00b0C. 150ml Valmistaja: Silikomart Italia<\/p>","protected":false},"featured_media":5241,"template":"","meta":{"_seopress_robots_primary_cat":"","_seopress_titles_title":"","_seopress_titles_desc":"","_seopress_robots_index":""},"product_brand":[],"product_cat":[15],"product_tag":[],"class_list":{"0":"post-5239","1":"product","2":"type-product","3":"status-publish","4":"has-post-thumbnail","6":"product_cat-all-products","8":"first","9":"outofstock","10":"taxable","11":"shipping-taxable","12":"purchasable","13":"product-type-simple"},"_links":{"self":[{"href":"https:\/\/candeebaar.ee\/fi\/wp-json\/wp\/v2\/product\/5239","targetHints":{"allow":["GET"]}}],"collection":[{"href":"https:\/\/candeebaar.ee\/fi\/wp-json\/wp\/v2\/product"}],"about":[{"href":"https:\/\/candeebaar.ee\/fi\/wp-json\/wp\/v2\/types\/product"}],"version-history":[{"count":1,"href":"https:\/\/candeebaar.ee\/fi\/wp-json\/wp\/v2\/product\/5239\/revisions"}],"predecessor-version":[{"id":5240,"href":"https:\/\/candeebaar.ee\/fi\/wp-json\/wp\/v2\/product\/5239\/revisions\/5240"}],"wp:featuredmedia":[{"embeddable":true,"href":"https:\/\/candeebaar.ee\/fi\/wp-json\/wp\/v2\/media\/5241"}],"wp:attachment":[{"href":"https:\/\/candeebaar.ee\/fi\/wp-json\/wp\/v2\/media?parent=5239"}],"wp:term":[{"taxonomy":"product_brand","embeddable":true,"href":"https:\/\/candeebaar.ee\/fi\/wp-json\/wp\/v2\/product_brand?post=5239"},{"taxonomy":"product_cat","embeddable":true,"href":"https:\/\/candeebaar.ee\/fi\/wp-json\/wp\/v2\/product_cat?post=5239"},{"taxonomy":"product_tag","embeddable":true,"href":"https:\/\/candeebaar.ee\/fi\/wp-json\/wp\/v2\/product_tag?post=5239"}],"curies":[{"name":"wp","href":"https:\/\/api.w.org\/{rel}","templated":true}]}}