{"id":5263,"date":"2024-12-31T20:08:54","date_gmt":"2024-12-31T20:08:54","guid":{"rendered":"https:\/\/storetest.ivi.ee\/product\/callebaut-crispearls-mona-lisa-dark-100g\/"},"modified":"2026-03-27T10:15:24","modified_gmt":"2026-03-27T08:15:24","slug":"callebaut-crispearls-mona-lisa-tumma-100g","status":"publish","type":"product","link":"https:\/\/candeebaar.ee\/fi\/kauppa\/callebaut-crispearls-mona-lisa-tumma-100g\/","title":{"rendered":"Callebaut Crispearls \u201cMona Lisa\u201d Dark 100g"},"content":{"rendered":"<p>Rapeat rakeet tummassa Callebaut-suklaassa.<br \/>\nErinomainen koriste kaikkiin j\u00e4lkiruokiin.<br \/>\nKoostumus:<br \/>\nValkosuklaa 84% (sokeri, kaakaovoi, kaakaojauhe, kuiva <strong>maitoa<\/strong>, <strong>maitoa<\/strong> hera, emulgointiaine: soijalesitiini, vanilliini)<br \/>\nRapeat hiutaleet (<strong>vehn\u00e4<\/strong> jauhot, sokeri, <strong>vehn\u00e4<\/strong> mallasjauho, <strong>vehn\u00e4<\/strong> t\u00e4rkkelys, E500ii, suola, kaakaovoi, vanilliini)<br \/>\nglukoosisiirappi, E414,<br \/>\nPallon koko \u2248 5 mm<br \/>\nPaino: 100g<br \/>\nValmistaja: Callebaut, Belgia<\/p>","protected":false},"excerpt":{"rendered":"<p>Rapeat rakeet tummassa Callebaut-suklaassa. Erinomainen koriste kaikkiin j\u00e4lkiruokiin. Koostumus: Valkosuklaa 84% (sokeri, kaakaovoi, kaakaojauhe, maitojauhe, maitohera, emulgointiaine: soijalesitiini, vanilliini) Rapeat hiutaleet (vehn\u00e4jauho, sokeri, vehn\u00e4mallasjauho, vehn\u00e4t\u00e4rkkelys, E500ii, suola, kaakaovoi, vanilliini ) Glukoosisiirappi, E414, Pallon koko \u2248 5mm Paino: 100g Valmistaja: Callebaut, [\u2026]<\/p>","protected":false},"featured_media":5265,"template":"","meta":{"_seopress_robots_primary_cat":"none","_seopress_titles_title":"","_seopress_titles_desc":"","_seopress_robots_index":""},"product_brand":[],"product_cat":[15,110,104],"product_tag":[],"class_list":{"0":"post-5263","1":"product","2":"type-product","3":"status-publish","4":"has-post-thumbnail","6":"product_cat-all-products","7":"product_cat-callebaut","8":"product_cat-sprinkles","9":"brand-callebaut","11":"first","12":"instock","13":"taxable","14":"shipping-taxable","15":"purchasable","16":"product-type-simple"},"_links":{"self":[{"href":"https:\/\/candeebaar.ee\/fi\/wp-json\/wp\/v2\/product\/5263","targetHints":{"allow":["GET"]}}],"collection":[{"href":"https:\/\/candeebaar.ee\/fi\/wp-json\/wp\/v2\/product"}],"about":[{"href":"https:\/\/candeebaar.ee\/fi\/wp-json\/wp\/v2\/types\/product"}],"version-history":[{"count":1,"href":"https:\/\/candeebaar.ee\/fi\/wp-json\/wp\/v2\/product\/5263\/revisions"}],"predecessor-version":[{"id":5264,"href":"https:\/\/candeebaar.ee\/fi\/wp-json\/wp\/v2\/product\/5263\/revisions\/5264"}],"wp:featuredmedia":[{"embeddable":true,"href":"https:\/\/candeebaar.ee\/fi\/wp-json\/wp\/v2\/media\/5265"}],"wp:attachment":[{"href":"https:\/\/candeebaar.ee\/fi\/wp-json\/wp\/v2\/media?parent=5263"}],"wp:term":[{"taxonomy":"product_brand","embeddable":true,"href":"https:\/\/candeebaar.ee\/fi\/wp-json\/wp\/v2\/product_brand?post=5263"},{"taxonomy":"product_cat","embeddable":true,"href":"https:\/\/candeebaar.ee\/fi\/wp-json\/wp\/v2\/product_cat?post=5263"},{"taxonomy":"product_tag","embeddable":true,"href":"https:\/\/candeebaar.ee\/fi\/wp-json\/wp\/v2\/product_tag?post=5263"}],"curies":[{"name":"wp","href":"https:\/\/api.w.org\/{rel}","templated":true}]}}