{"id":5267,"date":"2024-12-31T20:08:54","date_gmt":"2024-12-31T20:08:54","guid":{"rendered":"https:\/\/storetest.ivi.ee\/product\/callebaut-crispearls-mona-lisa-ruby-100g\/"},"modified":"2026-04-08T12:02:49","modified_gmt":"2026-04-08T10:02:49","slug":"callebaut-crispearls-mona-lisa-ruby-100g","status":"publish","type":"product","link":"https:\/\/candeebaar.ee\/fi\/kauppa\/callebaut-crispearls-mona-lisa-ruby-100g\/","title":{"rendered":"Callebaut Crispearls \u201cMona Lisa\u201d Ruby 100g"},"content":{"rendered":"<p>Rapeat rakeet Ruby Callebaut suklaassa.<br \/>\nErinomainen koriste kaikkiin j\u00e4lkiruokiin.<br \/>\nKoostumus:<br \/>\nValkosuklaa 84% (sokeri, kaakaovoi, kaakaojauhe, kuiva <strong>maitoa<\/strong>, <strong>maitoa<\/strong> hera, emulgointiaine: soijalesitiini, vanilliini, E330)<br \/>\nRapeat hiutaleet (<strong>vehn\u00e4<\/strong> jauhot, sokeri, <strong>vehn\u00e4<\/strong> mallasjauho, <strong>vehn\u00e4<\/strong> t\u00e4rkkelys, E500ii, suola, kaakaovoi, vanilliini)<br \/>\nglukoosisiirappi, E414,<br \/>\nPallon koko \u2248 5 mm<br \/>\nPaino: 100g<br \/>\nValmistaja: Callebaut, Belgia<\/p>","protected":false},"excerpt":{"rendered":"<p>Rapeat rakeet Ruby Callebaut suklaassa. Erinomainen koriste kaikkiin j\u00e4lkiruokiin. Koostumus: Valkosuklaa 84% (sokeri, kaakaovoi, kaakaojauhe, maitojauhe, maitohera, emulgointiaine: soijalesitiini, vanilliini, E330) Rapeat hiutaleet (vehn\u00e4jauho, sokeri, vehn\u00e4mallasjauho, vehn\u00e4t\u00e4rkkelys, E500ii, suola, kaakao-siirappi, koko E500ii, suola, kaakao-siirappi, G41-siirappi \u2248 5 mm Massa: 100 g Valmistaja: [\u2026]<\/p>","protected":false},"featured_media":5266,"template":"","meta":{"_seopress_robots_primary_cat":"none","_seopress_titles_title":"","_seopress_titles_desc":"","_seopress_robots_index":""},"product_brand":[],"product_cat":[15,110,104],"product_tag":[],"class_list":{"0":"post-5267","1":"product","2":"type-product","3":"status-publish","4":"has-post-thumbnail","6":"product_cat-all-products","7":"product_cat-callebaut","8":"product_cat-sprinkles","9":"brand-callebaut","11":"first","12":"instock","13":"taxable","14":"shipping-taxable","15":"purchasable","16":"product-type-simple"},"_links":{"self":[{"href":"https:\/\/candeebaar.ee\/fi\/wp-json\/wp\/v2\/product\/5267","targetHints":{"allow":["GET"]}}],"collection":[{"href":"https:\/\/candeebaar.ee\/fi\/wp-json\/wp\/v2\/product"}],"about":[{"href":"https:\/\/candeebaar.ee\/fi\/wp-json\/wp\/v2\/types\/product"}],"version-history":[{"count":2,"href":"https:\/\/candeebaar.ee\/fi\/wp-json\/wp\/v2\/product\/5267\/revisions"}],"predecessor-version":[{"id":14819,"href":"https:\/\/candeebaar.ee\/fi\/wp-json\/wp\/v2\/product\/5267\/revisions\/14819"}],"wp:featuredmedia":[{"embeddable":true,"href":"https:\/\/candeebaar.ee\/fi\/wp-json\/wp\/v2\/media\/5266"}],"wp:attachment":[{"href":"https:\/\/candeebaar.ee\/fi\/wp-json\/wp\/v2\/media?parent=5267"}],"wp:term":[{"taxonomy":"product_brand","embeddable":true,"href":"https:\/\/candeebaar.ee\/fi\/wp-json\/wp\/v2\/product_brand?post=5267"},{"taxonomy":"product_cat","embeddable":true,"href":"https:\/\/candeebaar.ee\/fi\/wp-json\/wp\/v2\/product_cat?post=5267"},{"taxonomy":"product_tag","embeddable":true,"href":"https:\/\/candeebaar.ee\/fi\/wp-json\/wp\/v2\/product_tag?post=5267"}],"curies":[{"name":"wp","href":"https:\/\/api.w.org\/{rel}","templated":true}]}}