{"id":5285,"date":"2024-12-31T20:08:54","date_gmt":"2024-12-31T20:08:54","guid":{"rendered":"https:\/\/storetest.ivi.ee\/product\/tart-mold-kit-tarte-ring-square-silikomart\/"},"modified":"2025-01-02T19:29:48","modified_gmt":"2025-01-02T19:29:48","slug":"torttu-muottisarja-tarte-rengas-nelio-silikomart","status":"publish","type":"product","link":"https:\/\/candeebaar.ee\/fi\/kauppa\/torttu-muottisarja-tarte-rengas-nelio-silikomart\/","title":{"rendered":"Torttumuotti \u201cKit Tarte Ring Square\u201d Silikomart"},"content":{"rendered":"<p>Laadukas Kit Tarte Ring Square -setti torttuihin.<br \/>\nLuo ainutlaatuisen ulkon\u00e4\u00f6lt\u00e4\u00e4n moderneja torttuja.<br \/>\nSetti koostuu 6 rei&#039;itetyst\u00e4 metallimuotista pohjan leivontaan ja silikoniosasta moussekoristeluun p\u00e4\u00e4ll\u00e4.<br \/>\nMetallin koko. Mitat: 80x80x20mm (korkeus)<br \/>\nSilikoniosan koko (1\/6): 67x67x15mm (korkeus)<br \/>\nTilavuus: 1200ml<br \/>\nL\u00e4mp\u00f6tila: -60\u00b0C - +230\u00b0C. Sopii leivontaan ja pakastukseen.<br \/>\nValmistaja: Silikomart<\/p>","protected":false},"excerpt":{"rendered":"<p>Laadukas Kit Tarte Ring Square -setti torttuihin. Luo ainutlaatuisen ulkon\u00e4\u00f6lt\u00e4\u00e4n moderneja torttuja. Setti koostuu 6 rei&#039;itetyst\u00e4 metallimuotista pohjan leivontaan ja silikoniosasta moussekoristeluun p\u00e4\u00e4ll\u00e4. Metallin koko. Mitat: 80x80x20mm (korkeus) Silikoniosan koko (1\/6): 67x67x15mm (korkeus) Tilavuus: 1200ml L\u00e4mp\u00f6tila: -60\u00b0C - +230\u00b0C. [\u2026]<\/p>","protected":false},"featured_media":5287,"template":"","meta":{"_seopress_robots_primary_cat":"","_seopress_titles_title":"","_seopress_titles_desc":"","_seopress_robots_index":""},"product_brand":[],"product_cat":[15,118,123],"product_tag":[],"class_list":{"0":"post-5285","1":"product","2":"type-product","3":"status-publish","4":"has-post-thumbnail","6":"product_cat-all-products","7":"product_cat-silicone-and-plastic","8":"product_cat-geometry","10":"first","11":"instock","12":"sale","13":"taxable","14":"shipping-taxable","15":"purchasable","16":"product-type-simple"},"_links":{"self":[{"href":"https:\/\/candeebaar.ee\/fi\/wp-json\/wp\/v2\/product\/5285","targetHints":{"allow":["GET"]}}],"collection":[{"href":"https:\/\/candeebaar.ee\/fi\/wp-json\/wp\/v2\/product"}],"about":[{"href":"https:\/\/candeebaar.ee\/fi\/wp-json\/wp\/v2\/types\/product"}],"version-history":[{"count":1,"href":"https:\/\/candeebaar.ee\/fi\/wp-json\/wp\/v2\/product\/5285\/revisions"}],"predecessor-version":[{"id":5286,"href":"https:\/\/candeebaar.ee\/fi\/wp-json\/wp\/v2\/product\/5285\/revisions\/5286"}],"wp:featuredmedia":[{"embeddable":true,"href":"https:\/\/candeebaar.ee\/fi\/wp-json\/wp\/v2\/media\/5287"}],"wp:attachment":[{"href":"https:\/\/candeebaar.ee\/fi\/wp-json\/wp\/v2\/media?parent=5285"}],"wp:term":[{"taxonomy":"product_brand","embeddable":true,"href":"https:\/\/candeebaar.ee\/fi\/wp-json\/wp\/v2\/product_brand?post=5285"},{"taxonomy":"product_cat","embeddable":true,"href":"https:\/\/candeebaar.ee\/fi\/wp-json\/wp\/v2\/product_cat?post=5285"},{"taxonomy":"product_tag","embeddable":true,"href":"https:\/\/candeebaar.ee\/fi\/wp-json\/wp\/v2\/product_tag?post=5285"}],"curies":[{"name":"wp","href":"https:\/\/api.w.org\/{rel}","templated":true}]}}