{"id":5309,"date":"2024-12-31T20:08:54","date_gmt":"2024-12-31T20:08:54","guid":{"rendered":"https:\/\/storetest.ivi.ee\/product\/green-satin-ribbon-1cm-23m\/"},"modified":"2026-04-01T13:05:05","modified_gmt":"2026-04-01T11:05:05","slug":"vihrea-satiininauha-1cm-23m","status":"publish","type":"product","link":"https:\/\/candeebaar.ee\/fi\/kauppa\/vihrea-satiininauha-1cm-23m\/","title":{"rendered":"Vihre\u00e4 satiininauha 1cm (23m)"},"content":{"rendered":"<p>Satiininauha sopii t\u00e4ydellisesti lahjapaketointiin.<br \/>\nV\u00e4ri: vihre\u00e4<br \/>\nLeveys: 10mm<br \/>\nPituus: 23m<\/p>","protected":false},"excerpt":{"rendered":"<p>Satiininauha sopii t\u00e4ydellisesti lahjapaketointiin. V\u00e4ri: vihre\u00e4 Leveys: 10mm Pituus: 23m<\/p>","protected":false},"featured_media":5300,"template":"","meta":{"_seopress_robots_primary_cat":"","_seopress_titles_title":"","_seopress_titles_desc":"","_seopress_robots_index":""},"product_brand":[],"product_cat":[15,91],"product_tag":[],"class_list":{"0":"post-5309","1":"product","2":"type-product","3":"status-publish","4":"has-post-thumbnail","6":"product_cat-all-products","7":"product_cat-satin-ribbons","9":"first","10":"instock","11":"taxable","12":"shipping-taxable","13":"purchasable","14":"product-type-simple"},"_links":{"self":[{"href":"https:\/\/candeebaar.ee\/fi\/wp-json\/wp\/v2\/product\/5309","targetHints":{"allow":["GET"]}}],"collection":[{"href":"https:\/\/candeebaar.ee\/fi\/wp-json\/wp\/v2\/product"}],"about":[{"href":"https:\/\/candeebaar.ee\/fi\/wp-json\/wp\/v2\/types\/product"}],"version-history":[{"count":1,"href":"https:\/\/candeebaar.ee\/fi\/wp-json\/wp\/v2\/product\/5309\/revisions"}],"predecessor-version":[{"id":5310,"href":"https:\/\/candeebaar.ee\/fi\/wp-json\/wp\/v2\/product\/5309\/revisions\/5310"}],"wp:featuredmedia":[{"embeddable":true,"href":"https:\/\/candeebaar.ee\/fi\/wp-json\/wp\/v2\/media\/5300"}],"wp:attachment":[{"href":"https:\/\/candeebaar.ee\/fi\/wp-json\/wp\/v2\/media?parent=5309"}],"wp:term":[{"taxonomy":"product_brand","embeddable":true,"href":"https:\/\/candeebaar.ee\/fi\/wp-json\/wp\/v2\/product_brand?post=5309"},{"taxonomy":"product_cat","embeddable":true,"href":"https:\/\/candeebaar.ee\/fi\/wp-json\/wp\/v2\/product_cat?post=5309"},{"taxonomy":"product_tag","embeddable":true,"href":"https:\/\/candeebaar.ee\/fi\/wp-json\/wp\/v2\/product_tag?post=5309"}],"curies":[{"name":"wp","href":"https:\/\/api.w.org\/{rel}","templated":true}]}}