{"id":5352,"date":"2024-12-31T20:09:19","date_gmt":"2024-12-31T20:09:19","guid":{"rendered":"https:\/\/storetest.ivi.ee\/product\/box-for-roll-with-corner-window-220-310-80mm\/"},"modified":"2025-12-17T08:51:08","modified_gmt":"2025-12-17T06:51:08","slug":"laatikko-rullalle-kulmaikkunalla-220-310-80mm","status":"publish","type":"product","link":"https:\/\/candeebaar.ee\/fi\/kauppa\/laatikko-rullalle-kulmaikkunalla-220-310-80mm\/","title":{"rendered":"Rullakakun laatikko kulmaikkunalla 220 310 80mm"},"content":{"rendered":"<p>Pahvista valmistettu laatikko, sopii s\u00e4mpylille ja muille j\u00e4lkiruokille.<br \/>\nV\u00e4ri: kraft<br \/>\nKoko: 220x310x80mm<\/p>","protected":false},"excerpt":{"rendered":"<p>Pahvista valmistettu laatikko, sopii s\u00e4mpylille ja muille j\u00e4lkiruokille. V\u00e4ri: kraft Koko: 220x310x80mm<\/p>","protected":false},"featured_media":5354,"template":"","meta":{"_seopress_robots_primary_cat":"none","_seopress_titles_title":"","_seopress_titles_desc":"","_seopress_robots_index":""},"product_brand":[],"product_cat":[15,137],"product_tag":[],"class_list":{"0":"post-5352","1":"product","2":"type-product","3":"status-publish","4":"has-post-thumbnail","6":"product_cat-all-products","7":"product_cat-rectangular","9":"first","10":"outofstock","11":"taxable","12":"shipping-taxable","13":"purchasable","14":"product-type-simple"},"_links":{"self":[{"href":"https:\/\/candeebaar.ee\/fi\/wp-json\/wp\/v2\/product\/5352","targetHints":{"allow":["GET"]}}],"collection":[{"href":"https:\/\/candeebaar.ee\/fi\/wp-json\/wp\/v2\/product"}],"about":[{"href":"https:\/\/candeebaar.ee\/fi\/wp-json\/wp\/v2\/types\/product"}],"version-history":[{"count":2,"href":"https:\/\/candeebaar.ee\/fi\/wp-json\/wp\/v2\/product\/5352\/revisions"}],"predecessor-version":[{"id":9825,"href":"https:\/\/candeebaar.ee\/fi\/wp-json\/wp\/v2\/product\/5352\/revisions\/9825"}],"wp:featuredmedia":[{"embeddable":true,"href":"https:\/\/candeebaar.ee\/fi\/wp-json\/wp\/v2\/media\/5354"}],"wp:attachment":[{"href":"https:\/\/candeebaar.ee\/fi\/wp-json\/wp\/v2\/media?parent=5352"}],"wp:term":[{"taxonomy":"product_brand","embeddable":true,"href":"https:\/\/candeebaar.ee\/fi\/wp-json\/wp\/v2\/product_brand?post=5352"},{"taxonomy":"product_cat","embeddable":true,"href":"https:\/\/candeebaar.ee\/fi\/wp-json\/wp\/v2\/product_cat?post=5352"},{"taxonomy":"product_tag","embeddable":true,"href":"https:\/\/candeebaar.ee\/fi\/wp-json\/wp\/v2\/product_tag?post=5352"}],"curies":[{"name":"wp","href":"https:\/\/api.w.org\/{rel}","templated":true}]}}