{"id":5358,"date":"2024-12-31T20:09:19","date_gmt":"2024-12-31T20:09:19","guid":{"rendered":"https:\/\/storetest.ivi.ee\/product\/apple-puree-1000g-naturens-skafferi\/"},"modified":"2026-04-07T17:22:17","modified_gmt":"2026-04-07T15:22:17","slug":"omenasose-1000g-naturens-skafferi","status":"publish","type":"product","link":"https:\/\/candeebaar.ee\/fi\/kauppa\/omenasose-1000g-naturens-skafferi\/","title":{"rendered":"Omenasose 1000g Naturens Skafferi"},"content":{"rendered":"<p>Luonnollinen omenasose. T\u00e4ydellinen moussekakkujen, vaahtokarkkeja, voiteita jne.<br \/>\nPaino: 1000g<br \/>\nKoostumus: omena<br \/>\nEi sis\u00e4ll\u00e4 maku-, v\u00e4ri- tai s\u00e4il\u00f6nt\u00e4aineita.<br \/>\nS\u00e4ilyt\u00e4 pime\u00e4ss\u00e4, viile\u00e4ss\u00e4 paikassa.<br \/>\nS\u00e4ilyvyys: katso pakkaus<br \/>\nValmistaja: Naturens Skafferi Sweden<\/p>\n<p>&nbsp;<\/p>\n<p>&nbsp;<\/p>\n<p>&nbsp;<\/p>","protected":false},"excerpt":{"rendered":"<p>Luonnollinen omenasose. T\u00e4ydellinen moussekakkujen, vaahtokarkkien, voiteiden jne. valmistukseen. Paino: 1000g Koostumus: omena Ei sis\u00e4ll\u00e4 maku-, v\u00e4ri- tai s\u00e4il\u00f6nt\u00e4aineita. S\u00e4ilyt\u00e4 pime\u00e4ss\u00e4, viile\u00e4ss\u00e4 paikassa. S\u00e4ilyvyys: katso pakkaus Valmistaja: Naturens Skafferi Sweden &nbsp; &nbsp; &nbsp;<\/p>","protected":false},"featured_media":5360,"template":"","meta":{"_seopress_robots_primary_cat":"none","_seopress_titles_title":"","_seopress_titles_desc":"","_seopress_robots_index":""},"product_brand":[],"product_cat":[15,99],"product_tag":[],"class_list":{"0":"post-5358","1":"product","2":"type-product","3":"status-publish","4":"has-post-thumbnail","6":"product_cat-all-products","7":"product_cat-fruit-purees","9":"first","10":"instock","11":"taxable","12":"shipping-taxable","13":"purchasable","14":"product-type-simple"},"_links":{"self":[{"href":"https:\/\/candeebaar.ee\/fi\/wp-json\/wp\/v2\/product\/5358","targetHints":{"allow":["GET"]}}],"collection":[{"href":"https:\/\/candeebaar.ee\/fi\/wp-json\/wp\/v2\/product"}],"about":[{"href":"https:\/\/candeebaar.ee\/fi\/wp-json\/wp\/v2\/types\/product"}],"version-history":[{"count":2,"href":"https:\/\/candeebaar.ee\/fi\/wp-json\/wp\/v2\/product\/5358\/revisions"}],"predecessor-version":[{"id":15490,"href":"https:\/\/candeebaar.ee\/fi\/wp-json\/wp\/v2\/product\/5358\/revisions\/15490"}],"wp:featuredmedia":[{"embeddable":true,"href":"https:\/\/candeebaar.ee\/fi\/wp-json\/wp\/v2\/media\/5360"}],"wp:attachment":[{"href":"https:\/\/candeebaar.ee\/fi\/wp-json\/wp\/v2\/media?parent=5358"}],"wp:term":[{"taxonomy":"product_brand","embeddable":true,"href":"https:\/\/candeebaar.ee\/fi\/wp-json\/wp\/v2\/product_brand?post=5358"},{"taxonomy":"product_cat","embeddable":true,"href":"https:\/\/candeebaar.ee\/fi\/wp-json\/wp\/v2\/product_cat?post=5358"},{"taxonomy":"product_tag","embeddable":true,"href":"https:\/\/candeebaar.ee\/fi\/wp-json\/wp\/v2\/product_tag?post=5358"}],"curies":[{"name":"wp","href":"https:\/\/api.w.org\/{rel}","templated":true}]}}