{"id":5386,"date":"2024-12-31T20:09:36","date_gmt":"2024-12-31T20:09:36","guid":{"rendered":"https:\/\/storetest.ivi.ee\/product\/callebaut-paillete-feuillentine-100g\/"},"modified":"2026-04-02T11:34:00","modified_gmt":"2026-04-02T09:34:00","slug":"callebaut-paillete-feuillentine-100g","status":"publish","type":"product","link":"https:\/\/candeebaar.ee\/fi\/kauppa\/callebaut-paillete-feuillentine-100g\/","title":{"rendered":"Callebaut Paillete Feuillentine 100g"},"content":{"rendered":"<p>Laadukkaat vohvelimurut.<br \/>\nPaino: 100g<br \/>\nKoostumus: <strong>vehn\u00e4<\/strong> jauhot (39%), sokeri (42.5%), kasvi\u00f6ljy (auringonkukka ja rypsi), kuiva <strong>kerma<\/strong>, <strong>maitoa<\/strong> sokeri, <strong>maitoa<\/strong> proteiinia, suolaa, <strong>maltaat<\/strong> uute, E500ii, auringonkukkalesitiini, E306. Saattaa sis\u00e4lt\u00e4\u00e4 <strong>soija<\/strong>.<br \/>\nSis\u00e4lt\u00f6 per 100g:<br \/>\n453 kCal \/ 1,894 kJ<br \/>\nRasvat (tyydyttyneet): 13g (3g)<br \/>\nHiilihydraatit (sokeri): 77g (44g)<br \/>\nProteiinit: 6 g<br \/>\nSuola: 1 g<br \/>\nS\u00e4ilyt\u00e4 pime\u00e4ss\u00e4 viile\u00e4ss\u00e4 paikassa.<br \/>\nValmistaja: Barry Callebaut Belgia<\/p>\n<p>&nbsp;<\/p>\n<p>&nbsp;<\/p>\n<p>&nbsp;<\/p>","protected":false},"excerpt":{"rendered":"<p>Laadukkaat vohvelimurut. Massa: 100g Koostumus: vehn\u00e4jauho (39%), sokeri (42.5%), kasvi\u00f6ljy (auringonkukka ja rapsi), kermajauhe, maitosokeri, maitoproteiini, suola, mallasuute, E500ii, auringonkukkalesitiini, E306. Saattaa sis\u00e4lt\u00e4\u00e4 soijaa. Sis\u00e4lt\u00f6 100 g:ssa: 453 kCal\/1,894 kJ Rasvat (tyydyttyneet): 13 g (3 g) Hiilihydraatit (sokerit): 77 g (44 g) Proteiinit: 6 g Suola: 1 g S\u00e4ilyt\u00e4 pime\u00e4ss\u00e4, viile\u00e4ss\u00e4 paikassa. Valmistaja: [\u2026]<\/p>","protected":false},"featured_media":5388,"template":"","meta":{"_seopress_robots_primary_cat":"none","_seopress_titles_title":"","_seopress_titles_desc":"","_seopress_robots_index":""},"product_brand":[],"product_cat":[15,110],"product_tag":[],"class_list":{"0":"post-5386","1":"product","2":"type-product","3":"status-publish","4":"has-post-thumbnail","6":"product_cat-all-products","7":"product_cat-callebaut","8":"brand-callebaut","10":"first","11":"instock","12":"taxable","13":"shipping-taxable","14":"purchasable","15":"product-type-simple"},"_links":{"self":[{"href":"https:\/\/candeebaar.ee\/fi\/wp-json\/wp\/v2\/product\/5386","targetHints":{"allow":["GET"]}}],"collection":[{"href":"https:\/\/candeebaar.ee\/fi\/wp-json\/wp\/v2\/product"}],"about":[{"href":"https:\/\/candeebaar.ee\/fi\/wp-json\/wp\/v2\/types\/product"}],"version-history":[{"count":2,"href":"https:\/\/candeebaar.ee\/fi\/wp-json\/wp\/v2\/product\/5386\/revisions"}],"predecessor-version":[{"id":10543,"href":"https:\/\/candeebaar.ee\/fi\/wp-json\/wp\/v2\/product\/5386\/revisions\/10543"}],"wp:featuredmedia":[{"embeddable":true,"href":"https:\/\/candeebaar.ee\/fi\/wp-json\/wp\/v2\/media\/5388"}],"wp:attachment":[{"href":"https:\/\/candeebaar.ee\/fi\/wp-json\/wp\/v2\/media?parent=5386"}],"wp:term":[{"taxonomy":"product_brand","embeddable":true,"href":"https:\/\/candeebaar.ee\/fi\/wp-json\/wp\/v2\/product_brand?post=5386"},{"taxonomy":"product_cat","embeddable":true,"href":"https:\/\/candeebaar.ee\/fi\/wp-json\/wp\/v2\/product_cat?post=5386"},{"taxonomy":"product_tag","embeddable":true,"href":"https:\/\/candeebaar.ee\/fi\/wp-json\/wp\/v2\/product_tag?post=5386"}],"curies":[{"name":"wp","href":"https:\/\/api.w.org\/{rel}","templated":true}]}}