{"id":5392,"date":"2024-12-31T20:09:36","date_gmt":"2024-12-31T20:09:36","guid":{"rendered":"https:\/\/storetest.ivi.ee\/product\/cocoa-butter-cacao-mill-200g\/"},"modified":"2025-04-27T23:10:31","modified_gmt":"2025-04-27T21:10:31","slug":"kaakaovoita-kaakaomylly-200g","status":"publish","type":"product","link":"https:\/\/candeebaar.ee\/fi\/kauppa\/kaakaovoita-kaakaomylly-200g\/","title":{"rendered":"Kaakaovoi Cacao Mill 200g"},"content":{"rendered":"<p>Kaakaovoi, murskattu, hajuton.<br \/>\n Pakkaus: 200g (+-5g)<br \/>\n 100g sis\u00e4lt\u00e4\u00e4:<br \/>\n Rasvat: 99,8 g<br \/>\n Proteiinit: 0 g<br \/>\n Hiilihydraatit: 0 g<br \/>\n Suola: 0 g<br \/>\n Sokeri: 0 g<br \/>\n Ravintoarvo:<br \/>\n 3692,6 kJ\/898,2 kcal<br \/>\n Valmistaja: Natra Cacao Espanja<br \/>\n S\u00e4ilyt\u00e4 16-18\u00b0C l\u00e4mp\u00f6tilassa kuivassa ja pime\u00e4ss\u00e4 paikassa.<\/p>\n<p> &nbsp;<\/p>","protected":false},"excerpt":{"rendered":"<p>Kaakaovoi, murskattu, hajuton. Pakkaus: 200g (+-5g) 100g sis\u00e4lt\u00e4\u00e4: Rasvat: 99,8g Proteiinit: 0g Hiilihydraatit: 0g Suola: 0g Sokeri: 0g Ravintoarvo: 3692,6 kJ\/898,2 kcal Valmistaja: Natra Cacao Espanjan l\u00e4mp\u00f6tila 16\u00b0C 16 kuivassa ja pime\u00e4ss\u00e4 paikassa. &nbsp;<\/p>","protected":false},"featured_media":5394,"template":"","meta":{"_seopress_robots_primary_cat":"","_seopress_titles_title":"","_seopress_titles_desc":"","_seopress_robots_index":""},"product_brand":[],"product_cat":[15,111,110],"product_tag":[],"class_list":{"0":"post-5392","1":"product","2":"type-product","3":"status-publish","4":"has-post-thumbnail","6":"product_cat-all-products","7":"product_cat-cacao-mill","8":"product_cat-callebaut","9":"brand-callebaut","11":"first","12":"outofstock","13":"taxable","14":"shipping-taxable","15":"purchasable","16":"product-type-simple"},"_links":{"self":[{"href":"https:\/\/candeebaar.ee\/fi\/wp-json\/wp\/v2\/product\/5392","targetHints":{"allow":["GET"]}}],"collection":[{"href":"https:\/\/candeebaar.ee\/fi\/wp-json\/wp\/v2\/product"}],"about":[{"href":"https:\/\/candeebaar.ee\/fi\/wp-json\/wp\/v2\/types\/product"}],"version-history":[{"count":1,"href":"https:\/\/candeebaar.ee\/fi\/wp-json\/wp\/v2\/product\/5392\/revisions"}],"predecessor-version":[{"id":5393,"href":"https:\/\/candeebaar.ee\/fi\/wp-json\/wp\/v2\/product\/5392\/revisions\/5393"}],"wp:featuredmedia":[{"embeddable":true,"href":"https:\/\/candeebaar.ee\/fi\/wp-json\/wp\/v2\/media\/5394"}],"wp:attachment":[{"href":"https:\/\/candeebaar.ee\/fi\/wp-json\/wp\/v2\/media?parent=5392"}],"wp:term":[{"taxonomy":"product_brand","embeddable":true,"href":"https:\/\/candeebaar.ee\/fi\/wp-json\/wp\/v2\/product_brand?post=5392"},{"taxonomy":"product_cat","embeddable":true,"href":"https:\/\/candeebaar.ee\/fi\/wp-json\/wp\/v2\/product_cat?post=5392"},{"taxonomy":"product_tag","embeddable":true,"href":"https:\/\/candeebaar.ee\/fi\/wp-json\/wp\/v2\/product_tag?post=5392"}],"curies":[{"name":"wp","href":"https:\/\/api.w.org\/{rel}","templated":true}]}}