{"id":5419,"date":"2024-12-31T20:09:36","date_gmt":"2024-12-31T20:09:36","guid":{"rendered":"https:\/\/storetest.ivi.ee\/product\/topper-happy-birthday-silver-with-rhinestones\/"},"modified":"2025-01-08T16:35:52","modified_gmt":"2025-01-08T14:35:52","slug":"topper-hyvaa-syntymapaivaa-hopea-strassikivilla","status":"publish","type":"product","link":"https:\/\/candeebaar.ee\/fi\/kauppa\/topper-hyvaa-syntymapaivaa-hopea-strassikivilla\/","title":{"rendered":"P\u00e4\u00e4llinen &quot;Happy Birthday&quot; hopeaa strassit"},"content":{"rendered":"<p>Muovinen p\u00e4\u00e4llystys j\u00e4lkiruokien, kukkakimppujen jne.<br \/>\nV\u00e4ri: hopea<\/p>","protected":false},"excerpt":{"rendered":"<p>Muovinen p\u00e4\u00e4llystys j\u00e4lkiruokien, kukkakimppujen jne. koristeluun. V\u00e4ri: hopea<\/p>","protected":false},"featured_media":5421,"template":"","meta":{"_seopress_robots_primary_cat":"","_seopress_titles_title":"","_seopress_titles_desc":"","_seopress_robots_index":""},"product_brand":[],"product_cat":[15,158],"product_tag":[],"class_list":{"0":"post-5419","1":"product","2":"type-product","3":"status-publish","4":"has-post-thumbnail","6":"product_cat-all-products","7":"product_cat-silver","9":"first","10":"instock","11":"taxable","12":"shipping-taxable","13":"purchasable","14":"product-type-simple"},"_links":{"self":[{"href":"https:\/\/candeebaar.ee\/fi\/wp-json\/wp\/v2\/product\/5419","targetHints":{"allow":["GET"]}}],"collection":[{"href":"https:\/\/candeebaar.ee\/fi\/wp-json\/wp\/v2\/product"}],"about":[{"href":"https:\/\/candeebaar.ee\/fi\/wp-json\/wp\/v2\/types\/product"}],"version-history":[{"count":1,"href":"https:\/\/candeebaar.ee\/fi\/wp-json\/wp\/v2\/product\/5419\/revisions"}],"predecessor-version":[{"id":5420,"href":"https:\/\/candeebaar.ee\/fi\/wp-json\/wp\/v2\/product\/5419\/revisions\/5420"}],"wp:featuredmedia":[{"embeddable":true,"href":"https:\/\/candeebaar.ee\/fi\/wp-json\/wp\/v2\/media\/5421"}],"wp:attachment":[{"href":"https:\/\/candeebaar.ee\/fi\/wp-json\/wp\/v2\/media?parent=5419"}],"wp:term":[{"taxonomy":"product_brand","embeddable":true,"href":"https:\/\/candeebaar.ee\/fi\/wp-json\/wp\/v2\/product_brand?post=5419"},{"taxonomy":"product_cat","embeddable":true,"href":"https:\/\/candeebaar.ee\/fi\/wp-json\/wp\/v2\/product_cat?post=5419"},{"taxonomy":"product_tag","embeddable":true,"href":"https:\/\/candeebaar.ee\/fi\/wp-json\/wp\/v2\/product_tag?post=5419"}],"curies":[{"name":"wp","href":"https:\/\/api.w.org\/{rel}","templated":true}]}}