{"id":5451,"date":"2024-12-31T20:09:53","date_gmt":"2024-12-31T20:09:53","guid":{"rendered":"https:\/\/storetest.ivi.ee\/product\/silicone-mold-dog\/"},"modified":"2025-11-30T20:12:46","modified_gmt":"2025-11-30T18:12:46","slug":"silikonimuotti-koira","status":"publish","type":"product","link":"https:\/\/candeebaar.ee\/fi\/kauppa\/silikonimuotti-koira\/","title":{"rendered":"Silikonimuotti koira"},"content":{"rendered":"<p>Silikonimuotti muotojen luomiseen suklaasta, fondantista jne.<br \/>\nK\u00e4ytt\u00f6l\u00e4mp\u00f6tila: -40\u00b0 - 230\u00b0C<br \/>\nMateriaali: elintarvikesilikoni<br \/>\nKoko: 90x60x33mm<\/p>","protected":false},"excerpt":{"rendered":"<p>Silikonimuotti muotojen luomiseen suklaasta, fondantista jne. K\u00e4ytt\u00f6l\u00e4mp\u00f6tila: -40\u00b0 - 230\u00b0C Materiaali: elintarvikesilikoni Koko: 90x60x33mm<\/p>","protected":false},"featured_media":5449,"template":"","meta":{"_seopress_robots_primary_cat":"","_seopress_titles_title":"","_seopress_titles_desc":"","_seopress_robots_index":""},"product_brand":[],"product_cat":[15,82,125,109],"product_tag":[],"class_list":{"0":"post-5451","1":"product","2":"type-product","3":"status-publish","4":"has-post-thumbnail","6":"product_cat-all-products","7":"product_cat-chocolate-molds","8":"product_cat-nature","9":"product_cat-sale","11":"first","12":"instock","13":"sale","14":"taxable","15":"shipping-taxable","16":"purchasable","17":"product-type-simple"},"_links":{"self":[{"href":"https:\/\/candeebaar.ee\/fi\/wp-json\/wp\/v2\/product\/5451","targetHints":{"allow":["GET"]}}],"collection":[{"href":"https:\/\/candeebaar.ee\/fi\/wp-json\/wp\/v2\/product"}],"about":[{"href":"https:\/\/candeebaar.ee\/fi\/wp-json\/wp\/v2\/types\/product"}],"version-history":[{"count":1,"href":"https:\/\/candeebaar.ee\/fi\/wp-json\/wp\/v2\/product\/5451\/revisions"}],"predecessor-version":[{"id":5452,"href":"https:\/\/candeebaar.ee\/fi\/wp-json\/wp\/v2\/product\/5451\/revisions\/5452"}],"wp:featuredmedia":[{"embeddable":true,"href":"https:\/\/candeebaar.ee\/fi\/wp-json\/wp\/v2\/media\/5449"}],"wp:attachment":[{"href":"https:\/\/candeebaar.ee\/fi\/wp-json\/wp\/v2\/media?parent=5451"}],"wp:term":[{"taxonomy":"product_brand","embeddable":true,"href":"https:\/\/candeebaar.ee\/fi\/wp-json\/wp\/v2\/product_brand?post=5451"},{"taxonomy":"product_cat","embeddable":true,"href":"https:\/\/candeebaar.ee\/fi\/wp-json\/wp\/v2\/product_cat?post=5451"},{"taxonomy":"product_tag","embeddable":true,"href":"https:\/\/candeebaar.ee\/fi\/wp-json\/wp\/v2\/product_tag?post=5451"}],"curies":[{"name":"wp","href":"https:\/\/api.w.org\/{rel}","templated":true}]}}