{"id":5472,"date":"2024-12-31T20:09:53","date_gmt":"2024-12-31T20:09:53","guid":{"rendered":"https:\/\/storetest.ivi.ee\/product\/cake-box-24-24-10-with-double-sided-base\/"},"modified":"2026-04-08T06:49:55","modified_gmt":"2026-04-08T04:49:55","slug":"kakkurasia-24-24-10-kaksipuolisella-pohjalla","status":"publish","type":"product","link":"https:\/\/candeebaar.ee\/fi\/kauppa\/kakkurasia-24-24-10-kaksipuolisella-pohjalla\/","title":{"rendered":"Kakkulaatikko 24 24 10 kaksipuolisella pohjalla"},"content":{"rendered":"<p>Laatikko sopii kevyille kakuille ja leivonnaisille.<br \/>\nSis\u00e4lt\u00e4\u00e4 pohjan.<br \/>\nMateriaali: pahvi<br \/>\nMitat: 24 x 24 x 10 cm<br \/>\nV\u00e4ri: kraft, valkoinen<\/p>","protected":false},"excerpt":{"rendered":"<p>Laatikko sopii kevyille kakuille ja leivonnaisille. Sis\u00e4lt\u00e4\u00e4 pohjan. Materiaali: pahvi Mitat: 24x24x10cm V\u00e4ri: kraft, valkoinen<\/p>","protected":false},"featured_media":4934,"template":"","meta":{"_seopress_robots_primary_cat":"none","_seopress_titles_title":"","_seopress_titles_desc":"","_seopress_robots_index":""},"product_brand":[],"product_cat":[15,130],"product_tag":[],"class_list":{"0":"post-5472","1":"product","2":"type-product","3":"status-publish","4":"has-post-thumbnail","6":"product_cat-all-products","7":"product_cat-20-24cm-base","9":"first","10":"instock","11":"taxable","12":"shipping-taxable","13":"purchasable","14":"product-type-simple"},"_links":{"self":[{"href":"https:\/\/candeebaar.ee\/fi\/wp-json\/wp\/v2\/product\/5472","targetHints":{"allow":["GET"]}}],"collection":[{"href":"https:\/\/candeebaar.ee\/fi\/wp-json\/wp\/v2\/product"}],"about":[{"href":"https:\/\/candeebaar.ee\/fi\/wp-json\/wp\/v2\/types\/product"}],"version-history":[{"count":2,"href":"https:\/\/candeebaar.ee\/fi\/wp-json\/wp\/v2\/product\/5472\/revisions"}],"predecessor-version":[{"id":10545,"href":"https:\/\/candeebaar.ee\/fi\/wp-json\/wp\/v2\/product\/5472\/revisions\/10545"}],"wp:featuredmedia":[{"embeddable":true,"href":"https:\/\/candeebaar.ee\/fi\/wp-json\/wp\/v2\/media\/4934"}],"wp:attachment":[{"href":"https:\/\/candeebaar.ee\/fi\/wp-json\/wp\/v2\/media?parent=5472"}],"wp:term":[{"taxonomy":"product_brand","embeddable":true,"href":"https:\/\/candeebaar.ee\/fi\/wp-json\/wp\/v2\/product_brand?post=5472"},{"taxonomy":"product_cat","embeddable":true,"href":"https:\/\/candeebaar.ee\/fi\/wp-json\/wp\/v2\/product_cat?post=5472"},{"taxonomy":"product_tag","embeddable":true,"href":"https:\/\/candeebaar.ee\/fi\/wp-json\/wp\/v2\/product_tag?post=5472"}],"curies":[{"name":"wp","href":"https:\/\/api.w.org\/{rel}","templated":true}]}}