{"id":5474,"date":"2024-12-31T20:09:53","date_gmt":"2024-12-31T20:09:53","guid":{"rendered":"https:\/\/storetest.ivi.ee\/product\/topper-happy-birthday-blue\/"},"modified":"2024-12-31T20:09:58","modified_gmt":"2024-12-31T20:09:58","slug":"topper-hyvaa-syntymapaivaa-sininen","status":"publish","type":"product","link":"https:\/\/candeebaar.ee\/fi\/kauppa\/topper-hyvaa-syntymapaivaa-sininen\/","title":{"rendered":"P\u00e4\u00e4llinen &quot;Happy Birthday&quot; Blue"},"content":{"rendered":"<p>Muovinen p\u00e4\u00e4llystys j\u00e4lkiruokien, kukkakimppujen jne.<br \/>\nV\u00e4ri: sininen<\/p>","protected":false},"excerpt":{"rendered":"<p>Muovinen p\u00e4\u00e4llystys j\u00e4lkiruokien, kukkakimppujen jne. koristeluun. V\u00e4ri: sininen<\/p>","protected":false},"featured_media":5476,"template":"","meta":{"_seopress_robots_primary_cat":"","_seopress_titles_title":"","_seopress_titles_desc":"","_seopress_robots_index":""},"product_brand":[],"product_cat":[15],"product_tag":[],"class_list":{"0":"post-5474","1":"product","2":"type-product","3":"status-publish","4":"has-post-thumbnail","6":"product_cat-all-products","8":"first","9":"instock","10":"taxable","11":"shipping-taxable","12":"purchasable","13":"product-type-simple"},"_links":{"self":[{"href":"https:\/\/candeebaar.ee\/fi\/wp-json\/wp\/v2\/product\/5474","targetHints":{"allow":["GET"]}}],"collection":[{"href":"https:\/\/candeebaar.ee\/fi\/wp-json\/wp\/v2\/product"}],"about":[{"href":"https:\/\/candeebaar.ee\/fi\/wp-json\/wp\/v2\/types\/product"}],"version-history":[{"count":1,"href":"https:\/\/candeebaar.ee\/fi\/wp-json\/wp\/v2\/product\/5474\/revisions"}],"predecessor-version":[{"id":5475,"href":"https:\/\/candeebaar.ee\/fi\/wp-json\/wp\/v2\/product\/5474\/revisions\/5475"}],"wp:featuredmedia":[{"embeddable":true,"href":"https:\/\/candeebaar.ee\/fi\/wp-json\/wp\/v2\/media\/5476"}],"wp:attachment":[{"href":"https:\/\/candeebaar.ee\/fi\/wp-json\/wp\/v2\/media?parent=5474"}],"wp:term":[{"taxonomy":"product_brand","embeddable":true,"href":"https:\/\/candeebaar.ee\/fi\/wp-json\/wp\/v2\/product_brand?post=5474"},{"taxonomy":"product_cat","embeddable":true,"href":"https:\/\/candeebaar.ee\/fi\/wp-json\/wp\/v2\/product_cat?post=5474"},{"taxonomy":"product_tag","embeddable":true,"href":"https:\/\/candeebaar.ee\/fi\/wp-json\/wp\/v2\/product_tag?post=5474"}],"curies":[{"name":"wp","href":"https:\/\/api.w.org\/{rel}","templated":true}]}}