{"id":5489,"date":"2024-12-31T20:09:53","date_gmt":"2024-12-31T20:09:53","guid":{"rendered":"https:\/\/storetest.ivi.ee\/product\/cupcake-tulip-brown-gold-45pcs\/"},"modified":"2026-02-18T17:01:36","modified_gmt":"2026-02-18T15:01:36","slug":"kuppikakku-tulppaani-ruskea-kulta-45-kpl","status":"publish","type":"product","link":"https:\/\/candeebaar.ee\/fi\/kauppa\/kuppikakku-tulppaani-ruskea-kulta-45-kpl\/","title":{"rendered":"Cupcake-tulppaanit Ruskea\/kulta 45 kpl"},"content":{"rendered":"<p>Paperitulppaania k\u00e4ytet\u00e4\u00e4n j\u00e4lkiruokien kauniiseen esittelyyn.<br \/>\nKoko: 50x80mm<br \/>\nMateriaali: paperi<br \/>\nMukana: 45 kpl (+-2 kpl)<br \/>\nV\u00e4ri: ruskea\/kulta<\/p>","protected":false},"excerpt":{"rendered":"<p>Paperitulppaania k\u00e4ytet\u00e4\u00e4n j\u00e4lkiruokien kauniiseen esillepanoon. Koko: 50x80mm Materiaali: paperi Mukana: 45 kpl (+-2 kpl) V\u00e4ri: ruskea\/kulta<\/p>","protected":false},"featured_media":5491,"template":"","meta":{"_seopress_robots_primary_cat":"","_seopress_titles_title":"","_seopress_titles_desc":"","_seopress_robots_index":""},"product_brand":[],"product_cat":[15,90],"product_tag":[],"class_list":{"0":"post-5489","1":"product","2":"type-product","3":"status-publish","4":"has-post-thumbnail","6":"product_cat-all-products","7":"product_cat-paper-cups-and-tulips","9":"first","10":"outofstock","11":"taxable","12":"shipping-taxable","13":"purchasable","14":"product-type-simple"},"_links":{"self":[{"href":"https:\/\/candeebaar.ee\/fi\/wp-json\/wp\/v2\/product\/5489","targetHints":{"allow":["GET"]}}],"collection":[{"href":"https:\/\/candeebaar.ee\/fi\/wp-json\/wp\/v2\/product"}],"about":[{"href":"https:\/\/candeebaar.ee\/fi\/wp-json\/wp\/v2\/types\/product"}],"version-history":[{"count":1,"href":"https:\/\/candeebaar.ee\/fi\/wp-json\/wp\/v2\/product\/5489\/revisions"}],"predecessor-version":[{"id":5490,"href":"https:\/\/candeebaar.ee\/fi\/wp-json\/wp\/v2\/product\/5489\/revisions\/5490"}],"wp:featuredmedia":[{"embeddable":true,"href":"https:\/\/candeebaar.ee\/fi\/wp-json\/wp\/v2\/media\/5491"}],"wp:attachment":[{"href":"https:\/\/candeebaar.ee\/fi\/wp-json\/wp\/v2\/media?parent=5489"}],"wp:term":[{"taxonomy":"product_brand","embeddable":true,"href":"https:\/\/candeebaar.ee\/fi\/wp-json\/wp\/v2\/product_brand?post=5489"},{"taxonomy":"product_cat","embeddable":true,"href":"https:\/\/candeebaar.ee\/fi\/wp-json\/wp\/v2\/product_cat?post=5489"},{"taxonomy":"product_tag","embeddable":true,"href":"https:\/\/candeebaar.ee\/fi\/wp-json\/wp\/v2\/product_tag?post=5489"}],"curies":[{"name":"wp","href":"https:\/\/api.w.org\/{rel}","templated":true}]}}