{"id":5495,"date":"2024-12-31T20:10:05","date_gmt":"2024-12-31T20:10:05","guid":{"rendered":"https:\/\/storetest.ivi.ee\/product\/cupcake-tulip-orange-45pcs\/"},"modified":"2026-03-22T20:35:27","modified_gmt":"2026-03-22T18:35:27","slug":"cupcake-tulppaani-oranssi-45kpl","status":"publish","type":"product","link":"https:\/\/candeebaar.ee\/fi\/kauppa\/cupcake-tulppaani-oranssi-45kpl\/","title":{"rendered":"Cupcake Tulip Orange 45 kpl"},"content":{"rendered":"<p>Paperitulppaania k\u00e4ytet\u00e4\u00e4n j\u00e4lkiruokien kauniiseen esittelyyn.<br \/>\nKoko: 50x80mm<br \/>\nMateriaali: paperi<br \/>\nSis\u00e4lt\u00e4\u00e4 45kpl (+-2kpl)<br \/>\nV\u00e4ri: oranssi valkoisilla pilkuilla<\/p>","protected":false},"excerpt":{"rendered":"<p>Paperitulppaania k\u00e4ytet\u00e4\u00e4n j\u00e4lkiruokien kauniiseen esittelyyn. Koko: 50x80mm Materiaali: paperi Sis\u00e4lt\u00e4\u00e4 45kpl(+-2kpl) V\u00e4ri: oranssi valkoisilla pilkuilla<\/p>","protected":false},"featured_media":5497,"template":"","meta":{"_seopress_robots_primary_cat":"","_seopress_titles_title":"","_seopress_titles_desc":"","_seopress_robots_index":""},"product_brand":[],"product_cat":[15],"product_tag":[],"class_list":{"0":"post-5495","1":"product","2":"type-product","3":"status-publish","4":"has-post-thumbnail","6":"product_cat-all-products","8":"first","9":"instock","10":"taxable","11":"shipping-taxable","12":"purchasable","13":"product-type-simple"},"_links":{"self":[{"href":"https:\/\/candeebaar.ee\/fi\/wp-json\/wp\/v2\/product\/5495","targetHints":{"allow":["GET"]}}],"collection":[{"href":"https:\/\/candeebaar.ee\/fi\/wp-json\/wp\/v2\/product"}],"about":[{"href":"https:\/\/candeebaar.ee\/fi\/wp-json\/wp\/v2\/types\/product"}],"version-history":[{"count":1,"href":"https:\/\/candeebaar.ee\/fi\/wp-json\/wp\/v2\/product\/5495\/revisions"}],"predecessor-version":[{"id":5496,"href":"https:\/\/candeebaar.ee\/fi\/wp-json\/wp\/v2\/product\/5495\/revisions\/5496"}],"wp:featuredmedia":[{"embeddable":true,"href":"https:\/\/candeebaar.ee\/fi\/wp-json\/wp\/v2\/media\/5497"}],"wp:attachment":[{"href":"https:\/\/candeebaar.ee\/fi\/wp-json\/wp\/v2\/media?parent=5495"}],"wp:term":[{"taxonomy":"product_brand","embeddable":true,"href":"https:\/\/candeebaar.ee\/fi\/wp-json\/wp\/v2\/product_brand?post=5495"},{"taxonomy":"product_cat","embeddable":true,"href":"https:\/\/candeebaar.ee\/fi\/wp-json\/wp\/v2\/product_cat?post=5495"},{"taxonomy":"product_tag","embeddable":true,"href":"https:\/\/candeebaar.ee\/fi\/wp-json\/wp\/v2\/product_tag?post=5495"}],"curies":[{"name":"wp","href":"https:\/\/api.w.org\/{rel}","templated":true}]}}