{"id":5531,"date":"2024-12-31T20:10:05","date_gmt":"2024-12-31T20:10:05","guid":{"rendered":"https:\/\/storetest.ivi.ee\/product\/box-for-desserts-145-250-60mm\/"},"modified":"2026-02-02T11:17:48","modified_gmt":"2026-02-02T09:17:48","slug":"laatikko-jalkiruokille-145-250-60mm","status":"publish","type":"product","link":"https:\/\/candeebaar.ee\/fi\/kauppa\/laatikko-jalkiruokille-145-250-60mm\/","title":{"rendered":"J\u00e4lkirasia 145 250 60mm"},"content":{"rendered":"<p>Pahvilaatikko j\u00e4lkiruokia varten (vain pohja, voidaan k\u00e4ytt\u00e4\u00e4 my\u00f6s kanteena).<br \/>\nKoko: 145x250x60mm<br \/>\nMateriaali: valkoinen pahvi<\/p>","protected":false},"excerpt":{"rendered":"<p>Pahvilaatikko j\u00e4lkiruokia varten (vain pohja, voidaan k\u00e4ytt\u00e4\u00e4 my\u00f6s kanteena). Koko: 145x250x60mm Materiaali: valkoinen pahvi<\/p>","protected":false},"featured_media":5533,"template":"","meta":{"_seopress_robots_primary_cat":"none","_seopress_titles_title":"","_seopress_titles_desc":"","_seopress_robots_index":""},"product_brand":[],"product_cat":[15,154],"product_tag":[],"class_list":{"0":"post-5531","1":"product","2":"type-product","3":"status-publish","4":"has-post-thumbnail","6":"product_cat-all-products","7":"product_cat-different-style","9":"first","10":"instock","11":"taxable","12":"shipping-taxable","13":"purchasable","14":"product-type-simple"},"_links":{"self":[{"href":"https:\/\/candeebaar.ee\/fi\/wp-json\/wp\/v2\/product\/5531","targetHints":{"allow":["GET"]}}],"collection":[{"href":"https:\/\/candeebaar.ee\/fi\/wp-json\/wp\/v2\/product"}],"about":[{"href":"https:\/\/candeebaar.ee\/fi\/wp-json\/wp\/v2\/types\/product"}],"version-history":[{"count":1,"href":"https:\/\/candeebaar.ee\/fi\/wp-json\/wp\/v2\/product\/5531\/revisions"}],"predecessor-version":[{"id":5532,"href":"https:\/\/candeebaar.ee\/fi\/wp-json\/wp\/v2\/product\/5531\/revisions\/5532"}],"wp:featuredmedia":[{"embeddable":true,"href":"https:\/\/candeebaar.ee\/fi\/wp-json\/wp\/v2\/media\/5533"}],"wp:attachment":[{"href":"https:\/\/candeebaar.ee\/fi\/wp-json\/wp\/v2\/media?parent=5531"}],"wp:term":[{"taxonomy":"product_brand","embeddable":true,"href":"https:\/\/candeebaar.ee\/fi\/wp-json\/wp\/v2\/product_brand?post=5531"},{"taxonomy":"product_cat","embeddable":true,"href":"https:\/\/candeebaar.ee\/fi\/wp-json\/wp\/v2\/product_cat?post=5531"},{"taxonomy":"product_tag","embeddable":true,"href":"https:\/\/candeebaar.ee\/fi\/wp-json\/wp\/v2\/product_tag?post=5531"}],"curies":[{"name":"wp","href":"https:\/\/api.w.org\/{rel}","templated":true}]}}