{"id":5539,"date":"2024-12-31T20:10:05","date_gmt":"2024-12-31T20:10:05","guid":{"rendered":"https:\/\/storetest.ivi.ee\/product\/pear-puree-1000g-naturens-skafferi\/"},"modified":"2026-04-06T14:34:10","modified_gmt":"2026-04-06T12:34:10","slug":"paarynasose-1000g-naturens-skafferi","status":"publish","type":"product","link":"https:\/\/candeebaar.ee\/fi\/kauppa\/paarynasose-1000g-naturens-skafferi\/","title":{"rendered":"P\u00e4\u00e4ryn\u00e4sose 1000g Naturens Skafferi"},"content":{"rendered":"<p>Luonnollinen p\u00e4\u00e4ryn\u00e4sose. T\u00e4ydellinen moussekakkujen, vaahtokarkkeja, voiteita jne.<br \/>\nPaino: 1000g<br \/>\nKoostumus: p\u00e4\u00e4ryn\u00e4sose<br \/>\n100g sis\u00e4lt\u00e4\u00e4:<br \/>\n226kJ\/54cal<br \/>\nRasvat: 0,1 g<br \/>\nHiilihydraatit: 12 g (11 g sokeria)<br \/>\nProteiinit: 0,4 g<br \/>\nEi sis\u00e4ll\u00e4 maku-, v\u00e4ri- tai s\u00e4il\u00f6nt\u00e4aineita.<br \/>\nS\u00e4ilyt\u00e4 pime\u00e4ss\u00e4 viile\u00e4ss\u00e4 paikassa.<br \/>\nS\u00e4ilyvyys: katso pakkaus<br \/>\nValmistaja: Naturens Skafferi Sweden<\/p>\n<p>22.04.2026<\/p>\n<p>&nbsp;<\/p>\n<p>&nbsp;<\/p>\n<p>&nbsp;<\/p>","protected":false},"excerpt":{"rendered":"<p>Natural pear puree. Perfect for making mousse cakes, marshmallows, creams, etc. Mass: 1000g Composition: pear puree 100g contains: 226kJ\/54cal Fats: 0.1g Carbohydrates: 12g (11g sugar) Proteins: 0.4g Does not contain flavor additives, colorants, or preservatives. Store in a dark cool place. Shelf life: see packaging Manufacturer: Naturens Skafferi Sweden 22.04.2026 &nbsp; &nbsp; &nbsp;<\/p>","protected":false},"featured_media":5541,"template":"","meta":{"_seopress_robots_primary_cat":"none","_seopress_titles_title":"","_seopress_titles_desc":"","_seopress_robots_index":""},"product_brand":[],"product_cat":[15,99,109],"product_tag":[],"class_list":{"0":"post-5539","1":"product","2":"type-product","3":"status-publish","4":"has-post-thumbnail","6":"product_cat-all-products","7":"product_cat-fruit-purees","8":"product_cat-sale","10":"first","11":"outofstock","12":"sale","13":"taxable","14":"shipping-taxable","15":"purchasable","16":"product-type-simple"},"_links":{"self":[{"href":"https:\/\/candeebaar.ee\/fi\/wp-json\/wp\/v2\/product\/5539","targetHints":{"allow":["GET"]}}],"collection":[{"href":"https:\/\/candeebaar.ee\/fi\/wp-json\/wp\/v2\/product"}],"about":[{"href":"https:\/\/candeebaar.ee\/fi\/wp-json\/wp\/v2\/types\/product"}],"version-history":[{"count":3,"href":"https:\/\/candeebaar.ee\/fi\/wp-json\/wp\/v2\/product\/5539\/revisions"}],"predecessor-version":[{"id":16227,"href":"https:\/\/candeebaar.ee\/fi\/wp-json\/wp\/v2\/product\/5539\/revisions\/16227"}],"wp:featuredmedia":[{"embeddable":true,"href":"https:\/\/candeebaar.ee\/fi\/wp-json\/wp\/v2\/media\/5541"}],"wp:attachment":[{"href":"https:\/\/candeebaar.ee\/fi\/wp-json\/wp\/v2\/media?parent=5539"}],"wp:term":[{"taxonomy":"product_brand","embeddable":true,"href":"https:\/\/candeebaar.ee\/fi\/wp-json\/wp\/v2\/product_brand?post=5539"},{"taxonomy":"product_cat","embeddable":true,"href":"https:\/\/candeebaar.ee\/fi\/wp-json\/wp\/v2\/product_cat?post=5539"},{"taxonomy":"product_tag","embeddable":true,"href":"https:\/\/candeebaar.ee\/fi\/wp-json\/wp\/v2\/product_tag?post=5539"}],"curies":[{"name":"wp","href":"https:\/\/api.w.org\/{rel}","templated":true}]}}