{"id":5554,"date":"2024-12-31T20:10:18","date_gmt":"2024-12-31T20:10:18","guid":{"rendered":"https:\/\/storetest.ivi.ee\/product\/xanthan-gum-25g-food-colours\/"},"modified":"2026-04-06T09:56:04","modified_gmt":"2026-04-06T07:56:04","slug":"ksantaanikumi-25g-elintarvikevareja","status":"publish","type":"product","link":"https:\/\/candeebaar.ee\/fi\/kauppa\/ksantaanikumi-25g-elintarvikevareja\/","title":{"rendered":"Ksantaanikumi 25 g elintarvikev\u00e4rej\u00e4"},"content":{"rendered":"<p>Ksantaanikumi \u2013 luonnollinen sakeuttaja, sopii j\u00e4\u00e4tel\u00f6\u00f6n, hyytel\u00f6\u00f6n, hilloihin, marmeladiin jne.<br \/>\nKoostumus: E415<br \/>\nAnnostus: 1-10g\/1kg<br \/>\nPaino: 25g<br \/>\nS\u00e4ilyt\u00e4 kuivassa paikassa suljetussa pakkauksessa.<\/p>","protected":false},"excerpt":{"rendered":"<p>Ksantaanikumi \u2013 luonnollinen sakeuttaja, sopii j\u00e4\u00e4tel\u00f6\u00f6n, hyytel\u00f6\u00f6n, hilloihin, marmeladiin jne. Koostumus: E415 Annostus: 1-10g\/1kg Paino: 25g S\u00e4ilyt\u00e4 kuivassa paikassa suljetussa pakkauksessa.<\/p>","protected":false},"featured_media":5556,"template":"","meta":{"_seopress_robots_primary_cat":"none","_seopress_titles_title":"","_seopress_titles_desc":"","_seopress_robots_index":""},"product_brand":[],"product_cat":[15,100,109],"product_tag":[],"class_list":{"0":"post-5554","1":"product","2":"type-product","3":"status-publish","4":"has-post-thumbnail","6":"product_cat-all-products","7":"product_cat-thickeners","8":"product_cat-sale","10":"first","11":"instock","12":"sale","13":"taxable","14":"shipping-taxable","15":"purchasable","16":"product-type-simple"},"_links":{"self":[{"href":"https:\/\/candeebaar.ee\/fi\/wp-json\/wp\/v2\/product\/5554","targetHints":{"allow":["GET"]}}],"collection":[{"href":"https:\/\/candeebaar.ee\/fi\/wp-json\/wp\/v2\/product"}],"about":[{"href":"https:\/\/candeebaar.ee\/fi\/wp-json\/wp\/v2\/types\/product"}],"version-history":[{"count":3,"href":"https:\/\/candeebaar.ee\/fi\/wp-json\/wp\/v2\/product\/5554\/revisions"}],"predecessor-version":[{"id":13044,"href":"https:\/\/candeebaar.ee\/fi\/wp-json\/wp\/v2\/product\/5554\/revisions\/13044"}],"wp:featuredmedia":[{"embeddable":true,"href":"https:\/\/candeebaar.ee\/fi\/wp-json\/wp\/v2\/media\/5556"}],"wp:attachment":[{"href":"https:\/\/candeebaar.ee\/fi\/wp-json\/wp\/v2\/media?parent=5554"}],"wp:term":[{"taxonomy":"product_brand","embeddable":true,"href":"https:\/\/candeebaar.ee\/fi\/wp-json\/wp\/v2\/product_brand?post=5554"},{"taxonomy":"product_cat","embeddable":true,"href":"https:\/\/candeebaar.ee\/fi\/wp-json\/wp\/v2\/product_cat?post=5554"},{"taxonomy":"product_tag","embeddable":true,"href":"https:\/\/candeebaar.ee\/fi\/wp-json\/wp\/v2\/product_tag?post=5554"}],"curies":[{"name":"wp","href":"https:\/\/api.w.org\/{rel}","templated":true}]}}