{"id":5582,"date":"2024-12-31T20:10:18","date_gmt":"2024-12-31T20:10:18","guid":{"rendered":"https:\/\/storetest.ivi.ee\/product\/gel-food-coloring-crimson-wine-20g-food-colours\/"},"modified":"2025-01-02T19:10:21","modified_gmt":"2025-01-02T19:10:21","slug":"geelimainen-elintarvikevari-karmiininpunainen-viini-20-g-elintarvikevareja","status":"publish","type":"product","link":"https:\/\/candeebaar.ee\/fi\/kauppa\/geelimainen-elintarvikevari-karmiininpunainen-viini-20-g-elintarvikevareja\/","title":{"rendered":"Geelim\u00e4inen elintarvikev\u00e4ri Crimson Wine 20g elintarvikev\u00e4rit"},"content":{"rendered":"<p>Punainen geelim\u00e4inen elintarvikev\u00e4ri, korkea pitoisuus.<br \/>\nLaimennettu vedell\u00e4, k\u00e4ytet\u00e4\u00e4n kuvioiden luomiseen ja voiteiden, taikinan v\u00e4rj\u00e4\u00e4miseen ja muihin elintarviketarkoituksiin.<br \/>\nKoostumus: glukoosisiirappi, E422, vesi, E129, E122, aromi, E202, E330, E464.<br \/>\n*voi vaikuttaa haitallisesti lasten aktiivisuuteen ja tarkkaavaisuuteen.<br \/>\nPaino: 20g<br \/>\nValmistaja: Food Colours, Puola<\/p>","protected":false},"excerpt":{"rendered":"<p>Punainen geelim\u00e4inen elintarvikev\u00e4ri, vahva pitoisuus. Laimennetaan vedell\u00e4, k\u00e4ytet\u00e4\u00e4n kuvioiden luomiseen ja voiteiden, taikinan ja muiden elintarvikev\u00e4rien v\u00e4rj\u00e4\u00e4miseen. Koostumus: glukoosisiirappi, E422, vesi, E129, E122, aromi, E202, E330, E464. *Saattaa vaikuttaa haitallisesti lasten aktiivisuuteen ja tarkkaavaisuuteen. Paino: 20 g Valmistaja: Food Colours, Puola<\/p>","protected":false},"featured_media":5565,"template":"","meta":{"_seopress_robots_primary_cat":"","_seopress_titles_title":"","_seopress_titles_desc":"","_seopress_robots_index":""},"product_brand":[],"product_cat":[15,114],"product_tag":[],"class_list":{"0":"post-5582","1":"product","2":"type-product","3":"status-publish","4":"has-post-thumbnail","6":"product_cat-all-products","7":"product_cat-gel-water-soluble","9":"first","10":"outofstock","11":"taxable","12":"shipping-taxable","13":"purchasable","14":"product-type-simple"},"_links":{"self":[{"href":"https:\/\/candeebaar.ee\/fi\/wp-json\/wp\/v2\/product\/5582","targetHints":{"allow":["GET"]}}],"collection":[{"href":"https:\/\/candeebaar.ee\/fi\/wp-json\/wp\/v2\/product"}],"about":[{"href":"https:\/\/candeebaar.ee\/fi\/wp-json\/wp\/v2\/types\/product"}],"version-history":[{"count":1,"href":"https:\/\/candeebaar.ee\/fi\/wp-json\/wp\/v2\/product\/5582\/revisions"}],"predecessor-version":[{"id":5583,"href":"https:\/\/candeebaar.ee\/fi\/wp-json\/wp\/v2\/product\/5582\/revisions\/5583"}],"wp:featuredmedia":[{"embeddable":true,"href":"https:\/\/candeebaar.ee\/fi\/wp-json\/wp\/v2\/media\/5565"}],"wp:attachment":[{"href":"https:\/\/candeebaar.ee\/fi\/wp-json\/wp\/v2\/media?parent=5582"}],"wp:term":[{"taxonomy":"product_brand","embeddable":true,"href":"https:\/\/candeebaar.ee\/fi\/wp-json\/wp\/v2\/product_brand?post=5582"},{"taxonomy":"product_cat","embeddable":true,"href":"https:\/\/candeebaar.ee\/fi\/wp-json\/wp\/v2\/product_cat?post=5582"},{"taxonomy":"product_tag","embeddable":true,"href":"https:\/\/candeebaar.ee\/fi\/wp-json\/wp\/v2\/product_tag?post=5582"}],"curies":[{"name":"wp","href":"https:\/\/api.w.org\/{rel}","templated":true}]}}