{"id":5586,"date":"2024-12-31T20:10:18","date_gmt":"2024-12-31T20:10:18","guid":{"rendered":"https:\/\/storetest.ivi.ee\/product\/gel-food-coloring-cashmere-sash-20g-food-colours\/"},"modified":"2025-06-12T08:12:04","modified_gmt":"2025-06-12T06:12:04","slug":"geeli-elintarvikevari-kashmir-sash-20g-elintarvikevareja","status":"publish","type":"product","link":"https:\/\/candeebaar.ee\/fi\/kauppa\/geeli-elintarvikevari-kashmir-sash-20g-elintarvikevareja\/","title":{"rendered":"Geelinen elintarvikev\u00e4ri Cashmere Sash 20g Food Colors"},"content":{"rendered":"<p>Geeli elintarvikev\u00e4ri vaaleanpunainen korkea pitoisuus.<br \/>\nLaimennettu vedell\u00e4, k\u00e4ytet\u00e4\u00e4n kuvioiden luomiseen ja voiteiden, taikinan v\u00e4rj\u00e4\u00e4miseen ja muihin elintarviketarkoituksiin.<br \/>\nKoostumus: glukoosisiirappi, E422, vesi, E122, E151, aromiaineet, E202, E330, E464.<br \/>\n*voi vaikuttaa haitallisesti lasten aktiivisuuteen ja tarkkaavaisuuteen.<br \/>\nPaino: 20g<br \/>\nValmistaja: Food Colours, Puola<\/p>","protected":false},"excerpt":{"rendered":"<p>Geeli elintarvikev\u00e4ri vaaleanpunainen korkea pitoisuus. Laimennettu vedell\u00e4, k\u00e4ytet\u00e4\u00e4n kuvioiden luomiseen ja voiteiden, taikinan v\u00e4rj\u00e4\u00e4miseen ja muihin elintarviketarkoituksiin. Koostumus: glukoosisiirappi, E422, vesi, E122, E151, aromiaineet, E202, E330, E464. *voi vaikuttaa haitallisesti lasten aktiivisuuteen ja tarkkaavaisuuteen. Paino: 20g Valmistaja: Food Colours, Puola<\/p>","protected":false},"featured_media":5567,"template":"","meta":{"_seopress_robots_primary_cat":"none","_seopress_titles_title":"","_seopress_titles_desc":"","_seopress_robots_index":""},"product_brand":[],"product_cat":[15,114,109],"product_tag":[],"class_list":{"0":"post-5586","1":"product","2":"type-product","3":"status-publish","4":"has-post-thumbnail","6":"product_cat-all-products","7":"product_cat-gel-water-soluble","8":"product_cat-sale","10":"first","11":"outofstock","12":"sale","13":"taxable","14":"shipping-taxable","15":"purchasable","16":"product-type-simple"},"_links":{"self":[{"href":"https:\/\/candeebaar.ee\/fi\/wp-json\/wp\/v2\/product\/5586","targetHints":{"allow":["GET"]}}],"collection":[{"href":"https:\/\/candeebaar.ee\/fi\/wp-json\/wp\/v2\/product"}],"about":[{"href":"https:\/\/candeebaar.ee\/fi\/wp-json\/wp\/v2\/types\/product"}],"version-history":[{"count":1,"href":"https:\/\/candeebaar.ee\/fi\/wp-json\/wp\/v2\/product\/5586\/revisions"}],"predecessor-version":[{"id":5587,"href":"https:\/\/candeebaar.ee\/fi\/wp-json\/wp\/v2\/product\/5586\/revisions\/5587"}],"wp:featuredmedia":[{"embeddable":true,"href":"https:\/\/candeebaar.ee\/fi\/wp-json\/wp\/v2\/media\/5567"}],"wp:attachment":[{"href":"https:\/\/candeebaar.ee\/fi\/wp-json\/wp\/v2\/media?parent=5586"}],"wp:term":[{"taxonomy":"product_brand","embeddable":true,"href":"https:\/\/candeebaar.ee\/fi\/wp-json\/wp\/v2\/product_brand?post=5586"},{"taxonomy":"product_cat","embeddable":true,"href":"https:\/\/candeebaar.ee\/fi\/wp-json\/wp\/v2\/product_cat?post=5586"},{"taxonomy":"product_tag","embeddable":true,"href":"https:\/\/candeebaar.ee\/fi\/wp-json\/wp\/v2\/product_tag?post=5586"}],"curies":[{"name":"wp","href":"https:\/\/api.w.org\/{rel}","templated":true}]}}