{"id":5601,"date":"2024-12-31T20:10:18","date_gmt":"2024-12-31T20:10:18","guid":{"rendered":"https:\/\/storetest.ivi.ee\/product\/food-printer-ink-100ml-black-food-colours\/"},"modified":"2026-03-10T18:23:06","modified_gmt":"2026-03-10T16:23:06","slug":"elintarviketulostimen-muste-100-ml-mustaa-elintarvikevaria","status":"publish","type":"product","link":"https:\/\/candeebaar.ee\/fi\/kauppa\/elintarviketulostimen-muste-100-ml-mustaa-elintarvikevaria\/","title":{"rendered":"Ruokatulostimen muste 100ml Black Food Colors"},"content":{"rendered":"<p>Muste elintarviketulostimille (sopii Canonille ja EPSONille).<br \/>\nKoostumus: vesi, E422, aromiaineet, E151, E110, E133, E122, E102, E433, E202, E330.<br \/>\n*voi vaikuttaa haitallisesti lasten aktiivisuuteen ja tarkkaavaisuuteen.<br \/>\nTilavuus: 100ml<br \/>\nVarastoi kuivassa, viile\u00e4ss\u00e4 paikassa.<br \/>\nK\u00e4ytt\u00f6l\u00e4mp\u00f6tila: 18-25\u00b0C<br \/>\nValmistaja: Food Colours, Puola<\/p>","protected":false},"excerpt":{"rendered":"<p>Muste elintarviketulostimille (sopii Canonille ja EPSONille). Koostumus: vesi, E422, aromiaineet, E151, E110, E133, E122, E102, E433, E202, E330. *voi vaikuttaa haitallisesti lasten aktiivisuuteen ja tarkkaavaisuuteen. Tilavuus: 100 ml S\u00e4ilyt\u00e4 kuivassa, viile\u00e4ss\u00e4 paikassa. K\u00e4ytt\u00f6l\u00e4mp\u00f6tila: 18-25\u00b0C Valmistaja: Food Colours, Puola<\/p>","protected":false},"featured_media":5603,"template":"","meta":{"_seopress_robots_primary_cat":"none","_seopress_titles_title":"","_seopress_titles_desc":"","_seopress_robots_index":""},"product_brand":[],"product_cat":[15,105],"product_tag":[],"class_list":{"0":"post-5601","1":"product","2":"type-product","3":"status-publish","4":"has-post-thumbnail","6":"product_cat-all-products","7":"product_cat-edible-print","9":"first","10":"instock","11":"taxable","12":"shipping-taxable","13":"purchasable","14":"product-type-simple"},"_links":{"self":[{"href":"https:\/\/candeebaar.ee\/fi\/wp-json\/wp\/v2\/product\/5601","targetHints":{"allow":["GET"]}}],"collection":[{"href":"https:\/\/candeebaar.ee\/fi\/wp-json\/wp\/v2\/product"}],"about":[{"href":"https:\/\/candeebaar.ee\/fi\/wp-json\/wp\/v2\/types\/product"}],"version-history":[{"count":2,"href":"https:\/\/candeebaar.ee\/fi\/wp-json\/wp\/v2\/product\/5601\/revisions"}],"predecessor-version":[{"id":11865,"href":"https:\/\/candeebaar.ee\/fi\/wp-json\/wp\/v2\/product\/5601\/revisions\/11865"}],"wp:featuredmedia":[{"embeddable":true,"href":"https:\/\/candeebaar.ee\/fi\/wp-json\/wp\/v2\/media\/5603"}],"wp:attachment":[{"href":"https:\/\/candeebaar.ee\/fi\/wp-json\/wp\/v2\/media?parent=5601"}],"wp:term":[{"taxonomy":"product_brand","embeddable":true,"href":"https:\/\/candeebaar.ee\/fi\/wp-json\/wp\/v2\/product_brand?post=5601"},{"taxonomy":"product_cat","embeddable":true,"href":"https:\/\/candeebaar.ee\/fi\/wp-json\/wp\/v2\/product_cat?post=5601"},{"taxonomy":"product_tag","embeddable":true,"href":"https:\/\/candeebaar.ee\/fi\/wp-json\/wp\/v2\/product_tag?post=5601"}],"curies":[{"name":"wp","href":"https:\/\/api.w.org\/{rel}","templated":true}]}}