{"id":5640,"date":"2024-12-31T20:10:25","date_gmt":"2024-12-31T20:10:25","guid":{"rendered":"https:\/\/storetest.ivi.ee\/product\/mold-for-mousse-cake-moments-silikomart\/"},"modified":"2025-01-02T19:07:39","modified_gmt":"2025-01-02T19:07:39","slug":"muotti-mousse-kakku-moments-silikomart","status":"publish","type":"product","link":"https:\/\/candeebaar.ee\/fi\/kauppa\/muotti-mousse-kakku-moments-silikomart\/","title":{"rendered":"Muotti moussekakulle \u201cMoments\u201d Silikomart"},"content":{"rendered":"<p>Laadukas silikonimuotti &quot;Moments&quot; ammattik\u00e4ytt\u00f6\u00f6n.<br \/>\n Voit luoda t\u00e4ydellisen muotoisen kakun.<br \/>\n Koko: 160x60mm (korkeus)<br \/>\n Tilavuus: 1000ml<br \/>\n L\u00e4mp\u00f6tila: -60\u00b0C - +230\u00b0C. Sopii leivontaan ja pakastukseen.<br \/>\nValmistaja: Silikomart<\/p>","protected":false},"excerpt":{"rendered":"<p>Laadukas silikonimuotti &quot;Moments&quot; ammattik\u00e4ytt\u00f6\u00f6n. Voit luoda t\u00e4ydellisen muotoisen kakun. Koko: 160x60mm (korkeus) Tilavuus: 1000ml L\u00e4mp\u00f6tila: -60\u00b0C - +230\u00b0C. Sopii leivontaan ja pakastukseen. Valmistaja: Silikomart<\/p>","protected":false},"featured_media":5642,"template":"","meta":{"_seopress_robots_primary_cat":"","_seopress_titles_title":"","_seopress_titles_desc":"","_seopress_robots_index":""},"product_brand":[],"product_cat":[15,118,123,127],"product_tag":[],"class_list":{"0":"post-5640","1":"product","2":"type-product","3":"status-publish","4":"has-post-thumbnail","6":"product_cat-all-products","7":"product_cat-silicone-and-plastic","8":"product_cat-geometry","9":"product_cat-ornament","11":"first","12":"instock","13":"sale","14":"taxable","15":"shipping-taxable","16":"purchasable","17":"product-type-simple"},"_links":{"self":[{"href":"https:\/\/candeebaar.ee\/fi\/wp-json\/wp\/v2\/product\/5640","targetHints":{"allow":["GET"]}}],"collection":[{"href":"https:\/\/candeebaar.ee\/fi\/wp-json\/wp\/v2\/product"}],"about":[{"href":"https:\/\/candeebaar.ee\/fi\/wp-json\/wp\/v2\/types\/product"}],"version-history":[{"count":1,"href":"https:\/\/candeebaar.ee\/fi\/wp-json\/wp\/v2\/product\/5640\/revisions"}],"predecessor-version":[{"id":5641,"href":"https:\/\/candeebaar.ee\/fi\/wp-json\/wp\/v2\/product\/5640\/revisions\/5641"}],"wp:featuredmedia":[{"embeddable":true,"href":"https:\/\/candeebaar.ee\/fi\/wp-json\/wp\/v2\/media\/5642"}],"wp:attachment":[{"href":"https:\/\/candeebaar.ee\/fi\/wp-json\/wp\/v2\/media?parent=5640"}],"wp:term":[{"taxonomy":"product_brand","embeddable":true,"href":"https:\/\/candeebaar.ee\/fi\/wp-json\/wp\/v2\/product_brand?post=5640"},{"taxonomy":"product_cat","embeddable":true,"href":"https:\/\/candeebaar.ee\/fi\/wp-json\/wp\/v2\/product_cat?post=5640"},{"taxonomy":"product_tag","embeddable":true,"href":"https:\/\/candeebaar.ee\/fi\/wp-json\/wp\/v2\/product_tag?post=5640"}],"curies":[{"name":"wp","href":"https:\/\/api.w.org\/{rel}","templated":true}]}}