{"id":5650,"date":"2024-12-31T20:10:25","date_gmt":"2024-12-31T20:10:25","guid":{"rendered":"https:\/\/storetest.ivi.ee\/product\/food-glitter-silver-food-colours-20g\/"},"modified":"2026-02-28T15:46:32","modified_gmt":"2026-02-28T13:46:32","slug":"ruoka-glitter-hopea-elintarvikevarit-20g","status":"publish","type":"product","link":"https:\/\/candeebaar.ee\/fi\/kauppa\/ruoka-glitter-hopea-elintarvikevarit-20g\/","title":{"rendered":"Food Glitter \u201cSilver\u201d Food Colors 20g"},"content":{"rendered":"<p>Tihe\u00e4rakenteinen elintarvikekimallev\u00e4ri, joka levitet\u00e4\u00e4n helposti sek\u00e4 kuivana ett\u00e4 alkoholiin laimennettuna.<br \/>\nAnnostus: 0,1-0,21 TP3T tuotteen painosta<br \/>\nV\u00e4ri: hopea-helmi<br \/>\nKoostumus: E555, E530<br \/>\nPaino: 20g<br \/>\nS\u00e4ilyt\u00e4 viile\u00e4ss\u00e4, pime\u00e4ss\u00e4 paikassa.<br \/>\nValmistaja: Food Colours, Puola<\/p>","protected":false},"excerpt":{"rendered":"<p>Tihe\u00e4rakenteinen elintarvikekimallev\u00e4ri, joka levitet\u00e4\u00e4n helposti sek\u00e4 kuivana ett\u00e4 alkoholiin laimennettuna. Annostus: 0,1-0,2% tuotteen painosta V\u00e4ri: hopea-helmi Koostumus: E555, E530 Paino: 20g S\u00e4ilyt\u00e4 viile\u00e4ss\u00e4, pime\u00e4ss\u00e4 paikassa. Valmistaja: Food Colours, Puola<\/p>","protected":false},"featured_media":5652,"template":"","meta":{"_seopress_robots_primary_cat":"none","_seopress_titles_title":"","_seopress_titles_desc":"","_seopress_robots_index":""},"product_brand":[],"product_cat":[182,181,15,115],"product_tag":[],"class_list":{"0":"post-5650","1":"product","2":"type-product","3":"status-publish","4":"has-post-thumbnail","6":"product_cat-christmas","7":"product_cat-christmas-new-year","8":"product_cat-all-products","9":"product_cat-glitter","11":"first","12":"instock","13":"taxable","14":"shipping-taxable","15":"purchasable","16":"product-type-simple"},"_links":{"self":[{"href":"https:\/\/candeebaar.ee\/fi\/wp-json\/wp\/v2\/product\/5650","targetHints":{"allow":["GET"]}}],"collection":[{"href":"https:\/\/candeebaar.ee\/fi\/wp-json\/wp\/v2\/product"}],"about":[{"href":"https:\/\/candeebaar.ee\/fi\/wp-json\/wp\/v2\/types\/product"}],"version-history":[{"count":2,"href":"https:\/\/candeebaar.ee\/fi\/wp-json\/wp\/v2\/product\/5650\/revisions"}],"predecessor-version":[{"id":13917,"href":"https:\/\/candeebaar.ee\/fi\/wp-json\/wp\/v2\/product\/5650\/revisions\/13917"}],"wp:featuredmedia":[{"embeddable":true,"href":"https:\/\/candeebaar.ee\/fi\/wp-json\/wp\/v2\/media\/5652"}],"wp:attachment":[{"href":"https:\/\/candeebaar.ee\/fi\/wp-json\/wp\/v2\/media?parent=5650"}],"wp:term":[{"taxonomy":"product_brand","embeddable":true,"href":"https:\/\/candeebaar.ee\/fi\/wp-json\/wp\/v2\/product_brand?post=5650"},{"taxonomy":"product_cat","embeddable":true,"href":"https:\/\/candeebaar.ee\/fi\/wp-json\/wp\/v2\/product_cat?post=5650"},{"taxonomy":"product_tag","embeddable":true,"href":"https:\/\/candeebaar.ee\/fi\/wp-json\/wp\/v2\/product_tag?post=5650"}],"curies":[{"name":"wp","href":"https:\/\/api.w.org\/{rel}","templated":true}]}}