{"id":5653,"date":"2024-12-31T20:10:25","date_gmt":"2024-12-31T20:10:25","guid":{"rendered":"https:\/\/storetest.ivi.ee\/product\/dry-dye-light-yellow-8g-food-colours\/"},"modified":"2026-04-13T11:45:31","modified_gmt":"2026-04-13T09:45:31","slug":"kuivavari-vaaleankeltainen-8g-elintarvikevareja","status":"publish","type":"product","link":"https:\/\/candeebaar.ee\/fi\/kauppa\/kuivavari-vaaleankeltainen-8g-elintarvikevareja\/","title":{"rendered":"Dry Dye vaaleankeltainen 8g elintarvikev\u00e4rej\u00e4"},"content":{"rendered":"<p>Kuivaruokav\u00e4ri vesiliukoinen &quot;Vaaleankeltainen&quot;.<br \/>\nK\u00e4ytt\u00f6: Liuota tarvittava m\u00e4\u00e4r\u00e4 v\u00e4riainetta pieneen m\u00e4\u00e4r\u00e4\u00e4n vett\u00e4 tai muuta nestett\u00e4 ja lis\u00e4\u00e4 se sitten tuotteeseen. Suositeltu annostus 0,003%-0,007% tuotteen massasta.<br \/>\nKoostumus: E104. Varastoi kuivassa, viile\u00e4ss\u00e4 paikassa. S\u00e4ilyvyys 4 vuotta valmistusp\u00e4iv\u00e4st\u00e4.<br \/>\n* Saattaa vaikuttaa negatiivisesti lasten aktiivisuuteen ja huomiokykyyn.<br \/>\nPaino: 8g<br \/>\nValmistaja: Food Colours, Puola<\/p>","protected":false},"excerpt":{"rendered":"<p>Kuivaruokav\u00e4ri vesiliukoinen &quot;Vaaleankeltainen&quot;. K\u00e4ytt\u00f6: Liuota tarvittava m\u00e4\u00e4r\u00e4 v\u00e4riainetta pieneen m\u00e4\u00e4r\u00e4\u00e4n vett\u00e4 tai muuta nestett\u00e4 ja lis\u00e4\u00e4 se sitten tuotteeseen. Suositeltu annostus 0,003%-0,007% tuotteen massasta. Koostumus: E104. Varastoi kuivassa, viile\u00e4ss\u00e4 paikassa. S\u00e4ilyvyys 4 vuotta valmistusp\u00e4iv\u00e4st\u00e4. * Saattaa olla [\u2026]<\/p>","protected":false},"featured_media":5655,"template":"","meta":{"_seopress_robots_primary_cat":"none","_seopress_titles_title":"","_seopress_titles_desc":"","_seopress_robots_index":""},"product_brand":[],"product_cat":[15,112],"product_tag":[],"class_list":{"0":"post-5653","1":"product","2":"type-product","3":"status-publish","4":"has-post-thumbnail","6":"product_cat-all-products","7":"product_cat-powder-water-soluble","9":"first","10":"instock","11":"taxable","12":"shipping-taxable","13":"purchasable","14":"product-type-simple"},"_links":{"self":[{"href":"https:\/\/candeebaar.ee\/fi\/wp-json\/wp\/v2\/product\/5653","targetHints":{"allow":["GET"]}}],"collection":[{"href":"https:\/\/candeebaar.ee\/fi\/wp-json\/wp\/v2\/product"}],"about":[{"href":"https:\/\/candeebaar.ee\/fi\/wp-json\/wp\/v2\/types\/product"}],"version-history":[{"count":2,"href":"https:\/\/candeebaar.ee\/fi\/wp-json\/wp\/v2\/product\/5653\/revisions"}],"predecessor-version":[{"id":11950,"href":"https:\/\/candeebaar.ee\/fi\/wp-json\/wp\/v2\/product\/5653\/revisions\/11950"}],"wp:featuredmedia":[{"embeddable":true,"href":"https:\/\/candeebaar.ee\/fi\/wp-json\/wp\/v2\/media\/5655"}],"wp:attachment":[{"href":"https:\/\/candeebaar.ee\/fi\/wp-json\/wp\/v2\/media?parent=5653"}],"wp:term":[{"taxonomy":"product_brand","embeddable":true,"href":"https:\/\/candeebaar.ee\/fi\/wp-json\/wp\/v2\/product_brand?post=5653"},{"taxonomy":"product_cat","embeddable":true,"href":"https:\/\/candeebaar.ee\/fi\/wp-json\/wp\/v2\/product_cat?post=5653"},{"taxonomy":"product_tag","embeddable":true,"href":"https:\/\/candeebaar.ee\/fi\/wp-json\/wp\/v2\/product_tag?post=5653"}],"curies":[{"name":"wp","href":"https:\/\/api.w.org\/{rel}","templated":true}]}}