{"id":5686,"date":"2024-12-31T20:10:31","date_gmt":"2024-12-31T20:10:31","guid":{"rendered":"https:\/\/storetest.ivi.ee\/product\/dry-dye-purple-8g-food-colours\/"},"modified":"2026-04-06T12:17:22","modified_gmt":"2026-04-06T10:17:22","slug":"kuiva-vari-violetti-8-g-elintarvikevareja","status":"publish","type":"product","link":"https:\/\/candeebaar.ee\/fi\/kauppa\/kuiva-vari-violetti-8-g-elintarvikevareja\/","title":{"rendered":"Kuivav\u00e4ri Purppura 8g Elintarvikev\u00e4rej\u00e4"},"content":{"rendered":"<p>Kuivaruokav\u00e4ri vesiliukoinen &quot;Burgundy&quot;.<br \/>\nK\u00e4ytt\u00f6: Liuota tarvittava m\u00e4\u00e4r\u00e4 v\u00e4riainetta pieneen m\u00e4\u00e4r\u00e4\u00e4n vett\u00e4 tai muuta nestett\u00e4 ja lis\u00e4\u00e4 se sitten tuotteeseen. Suositeltu annostus 0,003%-0,007% tuotteen painosta.<br \/>\nKoostumus: E122, E133, E151. S\u00e4ilyt\u00e4 viile\u00e4ss\u00e4 ja kuivassa paikassa. S\u00e4ilyvyysaika 4 vuotta valmistusp\u00e4iv\u00e4st\u00e4.<br \/>\n* Saattaa vaikuttaa negatiivisesti lasten aktiivisuuteen ja huomiokykyyn.<br \/>\nPaino: 8g<br \/>\nValmistaja: Food Colours, Puola<\/p>","protected":false},"excerpt":{"rendered":"<p>Kuivaruokav\u00e4ri vesiliukoinen &quot;Burgundy&quot;. K\u00e4ytt\u00f6: Liuota tarvittava m\u00e4\u00e4r\u00e4 v\u00e4riainetta pieneen m\u00e4\u00e4r\u00e4\u00e4n vett\u00e4 tai muuta nestett\u00e4 ja lis\u00e4\u00e4 se sitten tuotteeseen. Suositeltu annostus 0,003%-0,007% tuotteen painosta. Koostumus: E122, E133, E151. S\u00e4ilyt\u00e4 viile\u00e4ss\u00e4, kuivassa paikassa. S\u00e4ilyvyys 4 vuotta valmistusp\u00e4iv\u00e4st\u00e4. * Saattaa olla [\u2026]<\/p>","protected":false},"featured_media":5655,"template":"","meta":{"_seopress_robots_primary_cat":"none","_seopress_titles_title":"","_seopress_titles_desc":"","_seopress_robots_index":""},"product_brand":[],"product_cat":[15],"product_tag":[],"class_list":{"0":"post-5686","1":"product","2":"type-product","3":"status-publish","4":"has-post-thumbnail","6":"product_cat-all-products","8":"first","9":"outofstock","10":"taxable","11":"shipping-taxable","12":"purchasable","13":"product-type-simple"},"_links":{"self":[{"href":"https:\/\/candeebaar.ee\/fi\/wp-json\/wp\/v2\/product\/5686","targetHints":{"allow":["GET"]}}],"collection":[{"href":"https:\/\/candeebaar.ee\/fi\/wp-json\/wp\/v2\/product"}],"about":[{"href":"https:\/\/candeebaar.ee\/fi\/wp-json\/wp\/v2\/types\/product"}],"version-history":[{"count":1,"href":"https:\/\/candeebaar.ee\/fi\/wp-json\/wp\/v2\/product\/5686\/revisions"}],"predecessor-version":[{"id":5687,"href":"https:\/\/candeebaar.ee\/fi\/wp-json\/wp\/v2\/product\/5686\/revisions\/5687"}],"wp:featuredmedia":[{"embeddable":true,"href":"https:\/\/candeebaar.ee\/fi\/wp-json\/wp\/v2\/media\/5655"}],"wp:attachment":[{"href":"https:\/\/candeebaar.ee\/fi\/wp-json\/wp\/v2\/media?parent=5686"}],"wp:term":[{"taxonomy":"product_brand","embeddable":true,"href":"https:\/\/candeebaar.ee\/fi\/wp-json\/wp\/v2\/product_brand?post=5686"},{"taxonomy":"product_cat","embeddable":true,"href":"https:\/\/candeebaar.ee\/fi\/wp-json\/wp\/v2\/product_cat?post=5686"},{"taxonomy":"product_tag","embeddable":true,"href":"https:\/\/candeebaar.ee\/fi\/wp-json\/wp\/v2\/product_tag?post=5686"}],"curies":[{"name":"wp","href":"https:\/\/api.w.org\/{rel}","templated":true}]}}