{"id":5697,"date":"2024-12-31T20:10:31","date_gmt":"2024-12-31T20:10:31","guid":{"rendered":"https:\/\/storetest.ivi.ee\/product\/round-adjustable-metal-mold-25-34x8cm\/"},"modified":"2025-02-28T09:01:04","modified_gmt":"2025-02-28T07:01:04","slug":"pyorea-saadettava-metallimuotti-25-34x8cm","status":"publish","type":"product","link":"https:\/\/candeebaar.ee\/fi\/kauppa\/pyorea-saadettava-metallimuotti-25-34x8cm\/","title":{"rendered":"Py\u00f6re\u00e4 s\u00e4\u00e4dett\u00e4v\u00e4 metallimuotti 25-34x8cm"},"content":{"rendered":"<p>Metallinen leivinmuotti sokerikakkuille, kakun kokoonpano.<br \/>\n S\u00e4\u00e4dett\u00e4v\u00e4n muotin avulla voit luoda mink\u00e4 tahansa renkaan, jonka halkaisija on 25-34 cm ja korkeus 8 cm.<br \/>\n Lovat auttavat leikkaamaan kerrokset tasaisesti.<br \/>\n Korkeus: 8 cm<br \/>\n S\u00e4\u00e4d\u00e4ksesi s\u00e4\u00e4dett\u00e4v\u00e4n renkaan liikkumisen helppoutta, voit kirist\u00e4\u00e4 tai l\u00f6ys\u00e4t\u00e4 lukituskannattimia.<br \/>\n Materiaali: ruostumaton ter\u00e4s<br \/>\n Valmistaja: Kiina<\/p>","protected":false},"excerpt":{"rendered":"<p>Metallinen leivinmuotti sokerikakkuille, kakun kokoonpano. S\u00e4\u00e4dett\u00e4v\u00e4n muotin avulla voit luoda mink\u00e4 tahansa renkaan, jonka halkaisija on 25-34 cm ja korkeus 8 cm. Lovat auttavat leikkaamaan kerrokset tasaisesti. Korkeus: 8 cm S\u00e4\u00e4dett\u00e4v\u00e4n renkaan liikkuvuuden helpottamiseksi voit kirist\u00e4\u00e4 tai l\u00f6ys\u00e4\u00e4 [\u2026]<\/p>","protected":false},"featured_media":5699,"template":"","meta":{"_seopress_robots_primary_cat":"","_seopress_titles_title":"","_seopress_titles_desc":"","_seopress_robots_index":""},"product_brand":[],"product_cat":[15,116],"product_tag":[],"class_list":{"0":"post-5697","1":"product","2":"type-product","3":"status-publish","4":"has-post-thumbnail","6":"product_cat-all-products","7":"product_cat-metal","9":"first","10":"instock","11":"sale","12":"taxable","13":"shipping-taxable","14":"purchasable","15":"product-type-simple"},"_links":{"self":[{"href":"https:\/\/candeebaar.ee\/fi\/wp-json\/wp\/v2\/product\/5697","targetHints":{"allow":["GET"]}}],"collection":[{"href":"https:\/\/candeebaar.ee\/fi\/wp-json\/wp\/v2\/product"}],"about":[{"href":"https:\/\/candeebaar.ee\/fi\/wp-json\/wp\/v2\/types\/product"}],"version-history":[{"count":1,"href":"https:\/\/candeebaar.ee\/fi\/wp-json\/wp\/v2\/product\/5697\/revisions"}],"predecessor-version":[{"id":5698,"href":"https:\/\/candeebaar.ee\/fi\/wp-json\/wp\/v2\/product\/5697\/revisions\/5698"}],"wp:featuredmedia":[{"embeddable":true,"href":"https:\/\/candeebaar.ee\/fi\/wp-json\/wp\/v2\/media\/5699"}],"wp:attachment":[{"href":"https:\/\/candeebaar.ee\/fi\/wp-json\/wp\/v2\/media?parent=5697"}],"wp:term":[{"taxonomy":"product_brand","embeddable":true,"href":"https:\/\/candeebaar.ee\/fi\/wp-json\/wp\/v2\/product_brand?post=5697"},{"taxonomy":"product_cat","embeddable":true,"href":"https:\/\/candeebaar.ee\/fi\/wp-json\/wp\/v2\/product_cat?post=5697"},{"taxonomy":"product_tag","embeddable":true,"href":"https:\/\/candeebaar.ee\/fi\/wp-json\/wp\/v2\/product_tag?post=5697"}],"curies":[{"name":"wp","href":"https:\/\/api.w.org\/{rel}","templated":true}]}}