{"id":5703,"date":"2024-12-31T20:10:31","date_gmt":"2024-12-31T20:10:31","guid":{"rendered":"https:\/\/storetest.ivi.ee\/product\/neutral-gel-200g-food-colours\/"},"modified":"2025-06-25T22:52:17","modified_gmt":"2025-06-25T20:52:17","slug":"neutraali-geeli-200g-elintarvikevareja","status":"publish","type":"product","link":"https:\/\/candeebaar.ee\/fi\/kauppa\/neutraali-geeli-200g-elintarvikevareja\/","title":{"rendered":"Neutraali geeli 200g elintarvikev\u00e4rej\u00e4"},"content":{"rendered":"<p>Neutraalia geeli\u00e4 k\u00e4ytet\u00e4\u00e4n erilaisiin makeistarkoituksiin.<br \/>\nKoostumus: vesi, maissisiirappi, modifioitu maissit\u00e4rkkelyksen sakeutusaine E1422, aromit, E322, E555, E202, E330.<br \/>\nPaino: 200g<br \/>\nS\u00e4ilyt\u00e4 kuivassa, viile\u00e4ss\u00e4, pime\u00e4ss\u00e4 paikassa suljetussa pakkauksessa.<\/p>","protected":false},"excerpt":{"rendered":"<p>Neutraalia geeli\u00e4 k\u00e4ytet\u00e4\u00e4n erilaisiin makeistarkoituksiin. Koostumus: vesi, maissisiirappi, modifioitu maissit\u00e4rkkelyksen sakeutusaine E1422, aromit, E322, E555, E202, E330. Paino: 200g S\u00e4ilyt\u00e4 kuivassa, viile\u00e4ss\u00e4 ja pime\u00e4ss\u00e4 suljetussa pakkauksessa.<\/p>","protected":false},"featured_media":5705,"template":"","meta":{"_seopress_robots_primary_cat":"","_seopress_titles_title":"","_seopress_titles_desc":"","_seopress_robots_index":""},"product_brand":[],"product_cat":[15,100],"product_tag":[],"class_list":{"0":"post-5703","1":"product","2":"type-product","3":"status-publish","4":"has-post-thumbnail","6":"product_cat-all-products","7":"product_cat-thickeners","9":"first","10":"outofstock","11":"taxable","12":"shipping-taxable","13":"purchasable","14":"product-type-simple"},"_links":{"self":[{"href":"https:\/\/candeebaar.ee\/fi\/wp-json\/wp\/v2\/product\/5703","targetHints":{"allow":["GET"]}}],"collection":[{"href":"https:\/\/candeebaar.ee\/fi\/wp-json\/wp\/v2\/product"}],"about":[{"href":"https:\/\/candeebaar.ee\/fi\/wp-json\/wp\/v2\/types\/product"}],"version-history":[{"count":1,"href":"https:\/\/candeebaar.ee\/fi\/wp-json\/wp\/v2\/product\/5703\/revisions"}],"predecessor-version":[{"id":5704,"href":"https:\/\/candeebaar.ee\/fi\/wp-json\/wp\/v2\/product\/5703\/revisions\/5704"}],"wp:featuredmedia":[{"embeddable":true,"href":"https:\/\/candeebaar.ee\/fi\/wp-json\/wp\/v2\/media\/5705"}],"wp:attachment":[{"href":"https:\/\/candeebaar.ee\/fi\/wp-json\/wp\/v2\/media?parent=5703"}],"wp:term":[{"taxonomy":"product_brand","embeddable":true,"href":"https:\/\/candeebaar.ee\/fi\/wp-json\/wp\/v2\/product_brand?post=5703"},{"taxonomy":"product_cat","embeddable":true,"href":"https:\/\/candeebaar.ee\/fi\/wp-json\/wp\/v2\/product_cat?post=5703"},{"taxonomy":"product_tag","embeddable":true,"href":"https:\/\/candeebaar.ee\/fi\/wp-json\/wp\/v2\/product_tag?post=5703"}],"curies":[{"name":"wp","href":"https:\/\/api.w.org\/{rel}","templated":true}]}}