{"id":5755,"date":"2024-12-31T20:10:46","date_gmt":"2024-12-31T20:10:46","guid":{"rendered":"https:\/\/storetest.ivi.ee\/product\/peony-petals-20g\/"},"modified":"2025-03-15T15:59:55","modified_gmt":"2025-03-15T13:59:55","slug":"pionin-teralehtia-20-g","status":"publish","type":"product","link":"https:\/\/candeebaar.ee\/fi\/kauppa\/pionin-teralehtia-20-g\/","title":{"rendered":"Pionin ter\u00e4lehti\u00e4 20 g"},"content":{"rendered":"<p>Luonnolliset pionin ter\u00e4lehdet sopivat t\u00e4ydellisesti j\u00e4lkiruokien koristeluun, niill\u00e4 on upea maku ja ne ovat my\u00f6s hy\u00f6dyllisi\u00e4 terveydelle!<br \/>\n Ne sis\u00e4lt\u00e4v\u00e4t vitamiineja, kivenn\u00e4issuoloja, kuituja ja limaaineita. Kukkien flavonoideilla on antioksidanttisia ominaisuuksia.<br \/>\n Koostumus: pionin ter\u00e4lehdet (kuivatut)<br \/>\n Alkuper\u00e4: Kiina<br \/>\n Paino: 20g<\/p>","protected":false},"excerpt":{"rendered":"<p>Luonnolliset pionin ter\u00e4lehdet sopivat t\u00e4ydellisesti j\u00e4lkiruokien koristeluun, niill\u00e4 on upea maku ja ne ovat my\u00f6s hy\u00f6dyllisi\u00e4 terveydelle! Ne sis\u00e4lt\u00e4v\u00e4t vitamiineja, kivenn\u00e4issuoloja, kuituja ja limaaineita. Kukkien flavonoideilla on antioksidanttisia ominaisuuksia. Koostumus: pionin ter\u00e4lehdet (kuivatut) Alkuper\u00e4: Kiina Paino: 20g<\/p>","protected":false},"featured_media":5757,"template":"","meta":{"_seopress_robots_primary_cat":"","_seopress_titles_title":"","_seopress_titles_desc":"","_seopress_robots_index":""},"product_brand":[],"product_cat":[15,98],"product_tag":[],"class_list":{"0":"post-5755","1":"product","2":"type-product","3":"status-publish","4":"has-post-thumbnail","6":"product_cat-all-products","7":"product_cat-dry-and-sublimated-products","9":"first","10":"outofstock","11":"taxable","12":"shipping-taxable","13":"purchasable","14":"product-type-simple"},"_links":{"self":[{"href":"https:\/\/candeebaar.ee\/fi\/wp-json\/wp\/v2\/product\/5755","targetHints":{"allow":["GET"]}}],"collection":[{"href":"https:\/\/candeebaar.ee\/fi\/wp-json\/wp\/v2\/product"}],"about":[{"href":"https:\/\/candeebaar.ee\/fi\/wp-json\/wp\/v2\/types\/product"}],"version-history":[{"count":1,"href":"https:\/\/candeebaar.ee\/fi\/wp-json\/wp\/v2\/product\/5755\/revisions"}],"predecessor-version":[{"id":5756,"href":"https:\/\/candeebaar.ee\/fi\/wp-json\/wp\/v2\/product\/5755\/revisions\/5756"}],"wp:featuredmedia":[{"embeddable":true,"href":"https:\/\/candeebaar.ee\/fi\/wp-json\/wp\/v2\/media\/5757"}],"wp:attachment":[{"href":"https:\/\/candeebaar.ee\/fi\/wp-json\/wp\/v2\/media?parent=5755"}],"wp:term":[{"taxonomy":"product_brand","embeddable":true,"href":"https:\/\/candeebaar.ee\/fi\/wp-json\/wp\/v2\/product_brand?post=5755"},{"taxonomy":"product_cat","embeddable":true,"href":"https:\/\/candeebaar.ee\/fi\/wp-json\/wp\/v2\/product_cat?post=5755"},{"taxonomy":"product_tag","embeddable":true,"href":"https:\/\/candeebaar.ee\/fi\/wp-json\/wp\/v2\/product_tag?post=5755"}],"curies":[{"name":"wp","href":"https:\/\/api.w.org\/{rel}","templated":true}]}}