{"id":5773,"date":"2024-12-31T20:10:46","date_gmt":"2024-12-31T20:10:46","guid":{"rendered":"https:\/\/storetest.ivi.ee\/product\/box-for-cake-25-25-10-with-window\/"},"modified":"2026-03-31T12:39:58","modified_gmt":"2026-03-31T10:39:58","slug":"kakkulaatikko-25-25-10-ikkunalla","status":"publish","type":"product","link":"https:\/\/candeebaar.ee\/fi\/kauppa\/kakkulaatikko-25-25-10-ikkunalla\/","title":{"rendered":"Kakkulaatikko 25 25 10 ikkunalla"},"content":{"rendered":"<p>Kakkulaatikko ikkunalla.<br \/>\nKoostuu 2 osasta, tukeva ja k\u00e4tev\u00e4 k\u00e4ytt\u00e4\u00e4.<br \/>\nMateriaali: mikroaaltopahvi<br \/>\nKoko (l\/k\/k): 25x25x10cm<\/p>","protected":false},"excerpt":{"rendered":"<p>Kakkulaatikko ikkunalla. Koostuu 2 osasta, tukeva ja k\u00e4tev\u00e4 k\u00e4ytt\u00e4\u00e4. Materiaali: mikroaaltopahvi Koko (l\/k\/k): 25x25x10cm<\/p>","protected":false},"featured_media":5772,"template":"","meta":{"_seopress_robots_primary_cat":"none","_seopress_titles_title":"","_seopress_titles_desc":"","_seopress_robots_index":""},"product_brand":[],"product_cat":[15,131],"product_tag":[],"class_list":{"0":"post-5773","1":"product","2":"type-product","3":"status-publish","4":"has-post-thumbnail","6":"product_cat-all-products","7":"product_cat-25cm-base","9":"first","10":"instock","11":"taxable","12":"shipping-taxable","13":"purchasable","14":"product-type-simple"},"_links":{"self":[{"href":"https:\/\/candeebaar.ee\/fi\/wp-json\/wp\/v2\/product\/5773","targetHints":{"allow":["GET"]}}],"collection":[{"href":"https:\/\/candeebaar.ee\/fi\/wp-json\/wp\/v2\/product"}],"about":[{"href":"https:\/\/candeebaar.ee\/fi\/wp-json\/wp\/v2\/types\/product"}],"version-history":[{"count":1,"href":"https:\/\/candeebaar.ee\/fi\/wp-json\/wp\/v2\/product\/5773\/revisions"}],"predecessor-version":[{"id":5774,"href":"https:\/\/candeebaar.ee\/fi\/wp-json\/wp\/v2\/product\/5773\/revisions\/5774"}],"wp:featuredmedia":[{"embeddable":true,"href":"https:\/\/candeebaar.ee\/fi\/wp-json\/wp\/v2\/media\/5772"}],"wp:attachment":[{"href":"https:\/\/candeebaar.ee\/fi\/wp-json\/wp\/v2\/media?parent=5773"}],"wp:term":[{"taxonomy":"product_brand","embeddable":true,"href":"https:\/\/candeebaar.ee\/fi\/wp-json\/wp\/v2\/product_brand?post=5773"},{"taxonomy":"product_cat","embeddable":true,"href":"https:\/\/candeebaar.ee\/fi\/wp-json\/wp\/v2\/product_cat?post=5773"},{"taxonomy":"product_tag","embeddable":true,"href":"https:\/\/candeebaar.ee\/fi\/wp-json\/wp\/v2\/product_tag?post=5773"}],"curies":[{"name":"wp","href":"https:\/\/api.w.org\/{rel}","templated":true}]}}