{"id":5782,"date":"2024-12-31T20:10:46","date_gmt":"2024-12-31T20:10:46","guid":{"rendered":"https:\/\/storetest.ivi.ee\/product\/base-260x3mm-reinforced-white-daisy\/"},"modified":"2026-04-04T11:46:55","modified_gmt":"2026-04-04T09:46:55","slug":"pohja-260x3mm-vahvistettu-valkoinen-paivankakkara","status":"publish","type":"product","link":"https:\/\/candeebaar.ee\/fi\/kauppa\/pohja-260x3mm-vahvistettu-valkoinen-paivankakkara\/","title":{"rendered":"Kakkualusta 260x3mm vahvistettu valkoinen \u201cDaisy\u201d"},"content":{"rendered":"<p>Pohja vahvistetusta aaltopahvista.<br \/>\nTarvitaan j\u00e4lkiruokien asianmukaiseen s\u00e4ilytykseen, kuljetukseen ja tarjoiluun.<br \/>\nPaksuus: 3mm<br \/>\nHalkaisija: 260 mm<br \/>\nV\u00e4ri: valkoinen<\/p>","protected":false},"excerpt":{"rendered":"<p>Pohja vahvistettua aaltopahvia. Tarpeellinen j\u00e4lkiruokien asianmukaiseen s\u00e4ilytykseen, kuljetukseen ja tarjoiluun. Paksuus: 3 mm Halkaisija: 260 mm V\u00e4ri: valkoinen<\/p>","protected":false},"featured_media":5781,"template":"","meta":{"_seopress_robots_primary_cat":"none","_seopress_titles_title":"","_seopress_titles_desc":"","_seopress_robots_index":""},"product_brand":[],"product_cat":[15,145],"product_tag":[],"class_list":{"0":"post-5782","1":"product","2":"type-product","3":"status-publish","4":"has-post-thumbnail","6":"product_cat-all-products","7":"product_cat-26cm","9":"first","10":"instock","11":"taxable","12":"shipping-taxable","13":"purchasable","14":"product-type-simple"},"_links":{"self":[{"href":"https:\/\/candeebaar.ee\/fi\/wp-json\/wp\/v2\/product\/5782","targetHints":{"allow":["GET"]}}],"collection":[{"href":"https:\/\/candeebaar.ee\/fi\/wp-json\/wp\/v2\/product"}],"about":[{"href":"https:\/\/candeebaar.ee\/fi\/wp-json\/wp\/v2\/types\/product"}],"version-history":[{"count":3,"href":"https:\/\/candeebaar.ee\/fi\/wp-json\/wp\/v2\/product\/5782\/revisions"}],"predecessor-version":[{"id":16188,"href":"https:\/\/candeebaar.ee\/fi\/wp-json\/wp\/v2\/product\/5782\/revisions\/16188"}],"wp:featuredmedia":[{"embeddable":true,"href":"https:\/\/candeebaar.ee\/fi\/wp-json\/wp\/v2\/media\/5781"}],"wp:attachment":[{"href":"https:\/\/candeebaar.ee\/fi\/wp-json\/wp\/v2\/media?parent=5782"}],"wp:term":[{"taxonomy":"product_brand","embeddable":true,"href":"https:\/\/candeebaar.ee\/fi\/wp-json\/wp\/v2\/product_brand?post=5782"},{"taxonomy":"product_cat","embeddable":true,"href":"https:\/\/candeebaar.ee\/fi\/wp-json\/wp\/v2\/product_cat?post=5782"},{"taxonomy":"product_tag","embeddable":true,"href":"https:\/\/candeebaar.ee\/fi\/wp-json\/wp\/v2\/product_tag?post=5782"}],"curies":[{"name":"wp","href":"https:\/\/api.w.org\/{rel}","templated":true}]}}