{"id":5790,"date":"2024-12-31T20:10:46","date_gmt":"2024-12-31T20:10:46","guid":{"rendered":"https:\/\/storetest.ivi.ee\/product\/square-base-300x300x3mm-reinforced-white-daisy\/"},"modified":"2026-04-20T10:08:41","modified_gmt":"2026-04-20T08:08:41","slug":"neliomainen-pohja-300x300x3mm-vahvistettu-valkoinen-paivankakkara","status":"publish","type":"product","link":"https:\/\/candeebaar.ee\/fi\/kauppa\/neliomainen-pohja-300x300x3mm-vahvistettu-valkoinen-paivankakkara\/","title":{"rendered":"Neli\u00f6nmuotoinen kakkulauta 300x300x3mm vahvistettu valkoinen &quot;Disy&quot;"},"content":{"rendered":"<p>Pohja vahvistetusta aaltopahvista.<br \/>\nTarvitaan j\u00e4lkiruokien asianmukaiseen s\u00e4ilytykseen, kuljetukseen ja tarjoiluun.<br \/>\nPaksuus: 3mm<br \/>\nKoko: 300x300mm<br \/>\nV\u00e4ri: valkoinen<\/p>","protected":false},"excerpt":{"rendered":"<p>Pohja vahvistetusta aaltopahvista. Tarvitaan j\u00e4lkiruokien asianmukaiseen s\u00e4ilytykseen, kuljetukseen ja tarjoiluun. Paksuus: 3mm Koko: 300x300mm V\u00e4ri: valkoinen<\/p>","protected":false},"featured_media":5792,"template":"","meta":{"_seopress_robots_primary_cat":"none","_seopress_titles_title":"","_seopress_titles_desc":"","_seopress_robots_index":""},"product_brand":[],"product_cat":[15,147,149],"product_tag":[],"class_list":{"0":"post-5790","1":"product","2":"type-product","3":"status-publish","4":"has-post-thumbnail","6":"product_cat-all-products","7":"product_cat-30cm","8":"product_cat-square-and-rectangular","10":"first","11":"instock","12":"taxable","13":"shipping-taxable","14":"purchasable","15":"product-type-simple"},"_links":{"self":[{"href":"https:\/\/candeebaar.ee\/fi\/wp-json\/wp\/v2\/product\/5790","targetHints":{"allow":["GET"]}}],"collection":[{"href":"https:\/\/candeebaar.ee\/fi\/wp-json\/wp\/v2\/product"}],"about":[{"href":"https:\/\/candeebaar.ee\/fi\/wp-json\/wp\/v2\/types\/product"}],"version-history":[{"count":2,"href":"https:\/\/candeebaar.ee\/fi\/wp-json\/wp\/v2\/product\/5790\/revisions"}],"predecessor-version":[{"id":9142,"href":"https:\/\/candeebaar.ee\/fi\/wp-json\/wp\/v2\/product\/5790\/revisions\/9142"}],"wp:featuredmedia":[{"embeddable":true,"href":"https:\/\/candeebaar.ee\/fi\/wp-json\/wp\/v2\/media\/5792"}],"wp:attachment":[{"href":"https:\/\/candeebaar.ee\/fi\/wp-json\/wp\/v2\/media?parent=5790"}],"wp:term":[{"taxonomy":"product_brand","embeddable":true,"href":"https:\/\/candeebaar.ee\/fi\/wp-json\/wp\/v2\/product_brand?post=5790"},{"taxonomy":"product_cat","embeddable":true,"href":"https:\/\/candeebaar.ee\/fi\/wp-json\/wp\/v2\/product_cat?post=5790"},{"taxonomy":"product_tag","embeddable":true,"href":"https:\/\/candeebaar.ee\/fi\/wp-json\/wp\/v2\/product_tag?post=5790"}],"curies":[{"name":"wp","href":"https:\/\/api.w.org\/{rel}","templated":true}]}}