{"id":5809,"date":"2024-12-31T20:10:53","date_gmt":"2024-12-31T20:10:53","guid":{"rendered":"https:\/\/storetest.ivi.ee\/product\/ewald-gelatin-50g-powdered\/"},"modified":"2026-04-25T01:03:08","modified_gmt":"2026-04-24T23:03:08","slug":"ewald-gelatiini-50g-jauheena","status":"publish","type":"product","link":"https:\/\/candeebaar.ee\/fi\/kauppa\/ewald-gelatiini-50g-jauheena\/","title":{"rendered":"Ewald Gelatin 50g jauhettu"},"content":{"rendered":"<p>Vahvuus: 220 kukintaa<br \/>\nVahvaa jauhettua gelatiinia.<br \/>\nAmmattik\u00e4ytt\u00f6\u00f6n.<br \/>\nPaino: 50g<br \/>\nKoostumus: gelatiini<br \/>\nValmistaja: Saksa<\/p>\n<p>&nbsp;<\/p>\n<p>&nbsp;<\/p>","protected":false},"excerpt":{"rendered":"<p>Vahvuus: 220 bloom Vahvaa jauhettua gelatiinia. Ammattik\u00e4ytt\u00f6\u00f6n. Paino: 50g Koostumus: gelatiini Valmistaja: Saksa &nbsp; &nbsp;<\/p>","protected":false},"featured_media":5811,"template":"","meta":{"_seopress_robots_primary_cat":"none","_seopress_titles_title":"","_seopress_titles_desc":"","_seopress_robots_index":""},"product_brand":[],"product_cat":[15,100],"product_tag":[],"class_list":{"0":"post-5809","1":"product","2":"type-product","3":"status-publish","4":"has-post-thumbnail","6":"product_cat-all-products","7":"product_cat-thickeners","9":"first","10":"instock","11":"taxable","12":"shipping-taxable","13":"purchasable","14":"product-type-simple"},"_links":{"self":[{"href":"https:\/\/candeebaar.ee\/fi\/wp-json\/wp\/v2\/product\/5809","targetHints":{"allow":["GET"]}}],"collection":[{"href":"https:\/\/candeebaar.ee\/fi\/wp-json\/wp\/v2\/product"}],"about":[{"href":"https:\/\/candeebaar.ee\/fi\/wp-json\/wp\/v2\/types\/product"}],"version-history":[{"count":1,"href":"https:\/\/candeebaar.ee\/fi\/wp-json\/wp\/v2\/product\/5809\/revisions"}],"predecessor-version":[{"id":5810,"href":"https:\/\/candeebaar.ee\/fi\/wp-json\/wp\/v2\/product\/5809\/revisions\/5810"}],"wp:featuredmedia":[{"embeddable":true,"href":"https:\/\/candeebaar.ee\/fi\/wp-json\/wp\/v2\/media\/5811"}],"wp:attachment":[{"href":"https:\/\/candeebaar.ee\/fi\/wp-json\/wp\/v2\/media?parent=5809"}],"wp:term":[{"taxonomy":"product_brand","embeddable":true,"href":"https:\/\/candeebaar.ee\/fi\/wp-json\/wp\/v2\/product_brand?post=5809"},{"taxonomy":"product_cat","embeddable":true,"href":"https:\/\/candeebaar.ee\/fi\/wp-json\/wp\/v2\/product_cat?post=5809"},{"taxonomy":"product_tag","embeddable":true,"href":"https:\/\/candeebaar.ee\/fi\/wp-json\/wp\/v2\/product_tag?post=5809"}],"curies":[{"name":"wp","href":"https:\/\/api.w.org\/{rel}","templated":true}]}}