{"id":5819,"date":"2024-12-31T20:10:53","date_gmt":"2024-12-31T20:10:53","guid":{"rendered":"https:\/\/storetest.ivi.ee\/product\/burger-box-for-bento-cake-155x77mm\/"},"modified":"2026-03-09T21:28:25","modified_gmt":"2026-03-09T19:28:25","slug":"hampurilainen-laatikko-bentokakulle-155x77mm","status":"publish","type":"product","link":"https:\/\/candeebaar.ee\/fi\/kauppa\/hampurilainen-laatikko-bentokakulle-155x77mm\/","title":{"rendered":"Burger laatikko Bento kakulle 155x77mm"},"content":{"rendered":"<p>Kaksiosainen laatikko, joka sopii minibento-kakkuihin.<br \/>\nMateriaali: sokeriruoko<br \/>\nV\u00e4ri: valkoinen<br \/>\nKoko (lxsxk): 155x155x77mm<br \/>\nKakun halkaisija: 90 mm<br \/>\nSuosittelemme tilaamaan v\u00e4hint\u00e4\u00e4n 5 kappaletta, muuten kuljetuksen aikana on suuri vaurioiden riski.<br \/>\n<iframe src=\"\/\/www.youtube.com\/embed\/pMYV1-yZsdo\" width=\"560\" height=\"314\" allowfullscreen=\"allowfullscreen\"><\/iframe><\/p>","protected":false},"excerpt":{"rendered":"<p>Kaksiosainen laatikko, joka sopii minibento-kakkuihin. Materiaali: sokeriruoko V\u00e4ri: valkoinen Koko (lxsxk): 155x155x77mm Kakun halkaisija: 90mm Suosittelemme tilaamaan v\u00e4hint\u00e4\u00e4n 5 kappaletta, muuten on suuri vaurioitumisriski kuljetuksen aikana.<\/p>","protected":false},"featured_media":10866,"template":"","meta":{"_seopress_robots_primary_cat":"none","_seopress_titles_title":"","_seopress_titles_desc":"","_seopress_robots_index":""},"product_brand":[],"product_cat":[15,129],"product_tag":[],"class_list":{"0":"post-5819","1":"product","2":"type-product","3":"status-publish","4":"has-post-thumbnail","6":"product_cat-all-products","7":"product_cat-small-and-bento-size","9":"first","10":"instock","11":"taxable","12":"shipping-taxable","13":"purchasable","14":"product-type-simple"},"_links":{"self":[{"href":"https:\/\/candeebaar.ee\/fi\/wp-json\/wp\/v2\/product\/5819","targetHints":{"allow":["GET"]}}],"collection":[{"href":"https:\/\/candeebaar.ee\/fi\/wp-json\/wp\/v2\/product"}],"about":[{"href":"https:\/\/candeebaar.ee\/fi\/wp-json\/wp\/v2\/types\/product"}],"version-history":[{"count":2,"href":"https:\/\/candeebaar.ee\/fi\/wp-json\/wp\/v2\/product\/5819\/revisions"}],"predecessor-version":[{"id":10852,"href":"https:\/\/candeebaar.ee\/fi\/wp-json\/wp\/v2\/product\/5819\/revisions\/10852"}],"wp:featuredmedia":[{"embeddable":true,"href":"https:\/\/candeebaar.ee\/fi\/wp-json\/wp\/v2\/media\/10866"}],"wp:attachment":[{"href":"https:\/\/candeebaar.ee\/fi\/wp-json\/wp\/v2\/media?parent=5819"}],"wp:term":[{"taxonomy":"product_brand","embeddable":true,"href":"https:\/\/candeebaar.ee\/fi\/wp-json\/wp\/v2\/product_brand?post=5819"},{"taxonomy":"product_cat","embeddable":true,"href":"https:\/\/candeebaar.ee\/fi\/wp-json\/wp\/v2\/product_cat?post=5819"},{"taxonomy":"product_tag","embeddable":true,"href":"https:\/\/candeebaar.ee\/fi\/wp-json\/wp\/v2\/product_tag?post=5819"}],"curies":[{"name":"wp","href":"https:\/\/api.w.org\/{rel}","templated":true}]}}