{"id":5828,"date":"2024-12-31T20:10:53","date_gmt":"2024-12-31T20:10:53","guid":{"rendered":"https:\/\/storetest.ivi.ee\/product\/silicone-mold-animals\/"},"modified":"2026-01-13T18:09:16","modified_gmt":"2026-01-13T16:09:16","slug":"silikonimuottielaimia","status":"publish","type":"product","link":"https:\/\/candeebaar.ee\/fi\/kauppa\/silikonimuottielaimia\/","title":{"rendered":"Silikonimuotti &quot;El\u00e4imet&quot;"},"content":{"rendered":"<p>Muotti el\u00e4inten valmistukseen, jotka sopivat t\u00e4ydellisesti j\u00e4lkiruokien koristeluun sek\u00e4 itsen\u00e4isten esineiden koristeluun.<br \/>\nKoko: 190x100x15mm<br \/>\nL\u00e4mp\u00f6tila-alue: -40\u00b0 - 250\u00b0C<br \/>\nAstianpesukoneen kest\u00e4v\u00e4.<br \/>\nMateriaali: elintarvikesilikoni.<\/p>","protected":false},"excerpt":{"rendered":"<p>Muotti el\u00e4inten valmistukseen, jotka sopivat t\u00e4ydellisesti j\u00e4lkiruokien koristeluun, sek\u00e4 itsen\u00e4isten esineiden valmistukseen. Koko: 190x100x15mm L\u00e4mp\u00f6tila-alue: -40\u00b0 - 250\u00b0C Astianpesukoneen kest\u00e4v\u00e4. Materiaali: elintarvikesilikoni.<\/p>","protected":false},"featured_media":5825,"template":"","meta":{"_seopress_robots_primary_cat":"","_seopress_titles_title":"","_seopress_titles_desc":"","_seopress_robots_index":""},"product_brand":[],"product_cat":[15,82,125,127],"product_tag":[],"class_list":{"0":"post-5828","1":"product","2":"type-product","3":"status-publish","4":"has-post-thumbnail","6":"product_cat-all-products","7":"product_cat-chocolate-molds","8":"product_cat-nature","9":"product_cat-ornament","11":"first","12":"outofstock","13":"taxable","14":"shipping-taxable","15":"purchasable","16":"product-type-simple"},"_links":{"self":[{"href":"https:\/\/candeebaar.ee\/fi\/wp-json\/wp\/v2\/product\/5828","targetHints":{"allow":["GET"]}}],"collection":[{"href":"https:\/\/candeebaar.ee\/fi\/wp-json\/wp\/v2\/product"}],"about":[{"href":"https:\/\/candeebaar.ee\/fi\/wp-json\/wp\/v2\/types\/product"}],"version-history":[{"count":1,"href":"https:\/\/candeebaar.ee\/fi\/wp-json\/wp\/v2\/product\/5828\/revisions"}],"predecessor-version":[{"id":5829,"href":"https:\/\/candeebaar.ee\/fi\/wp-json\/wp\/v2\/product\/5828\/revisions\/5829"}],"wp:featuredmedia":[{"embeddable":true,"href":"https:\/\/candeebaar.ee\/fi\/wp-json\/wp\/v2\/media\/5825"}],"wp:attachment":[{"href":"https:\/\/candeebaar.ee\/fi\/wp-json\/wp\/v2\/media?parent=5828"}],"wp:term":[{"taxonomy":"product_brand","embeddable":true,"href":"https:\/\/candeebaar.ee\/fi\/wp-json\/wp\/v2\/product_brand?post=5828"},{"taxonomy":"product_cat","embeddable":true,"href":"https:\/\/candeebaar.ee\/fi\/wp-json\/wp\/v2\/product_cat?post=5828"},{"taxonomy":"product_tag","embeddable":true,"href":"https:\/\/candeebaar.ee\/fi\/wp-json\/wp\/v2\/product_tag?post=5828"}],"curies":[{"name":"wp","href":"https:\/\/api.w.org\/{rel}","templated":true}]}}